{"id":655,"date":"2018-12-14T16:10:58","date_gmt":"2018-12-14T15:10:58","guid":{"rendered":"https:\/\/2019.osnabrueck.wordcamp.org\/?page_id=655"},"modified":"2019-02-17T22:42:36","modified_gmt":"2019-02-17T21:42:36","slug":"fuer-deine-webseite","status":"publish","type":"page","link":"https:\/\/osnabrueck.wordcamp.org\/2019\/fuer-deine-webseite\/","title":{"rendered":"F\u00fcr deine Webseite"},"content":{"rendered":"\n<div class=\"wp-block-media-text alignwide has-media-on-the-right is-stacked-on-mobile custom-banner custom-banner--image-last\"><figure class=\"wp-block-media-text__media\"><img data-recalc-dims=\"1\" loading=\"lazy\" decoding=\"async\" width=\"525\" height=\"278\" src=\"https:\/\/i0.wp.com\/2019.osnabrueck.wordcamp.org\/files\/2019\/01\/detlef-heese-1-1024x543.jpg?resize=525%2C278&#038;ssl=1\" alt=\"Detlef Heese\" class=\"wp-image-1343\" srcset=\"https:\/\/i0.wp.com\/osnabrueck.wordcamp.org\/2019\/files\/2019\/01\/detlef-heese-1.jpg?resize=1024%2C543&amp;ssl=1 1024w, https:\/\/i0.wp.com\/osnabrueck.wordcamp.org\/2019\/files\/2019\/01\/detlef-heese-1.jpg?resize=300%2C159&amp;ssl=1 300w, https:\/\/i0.wp.com\/osnabrueck.wordcamp.org\/2019\/files\/2019\/01\/detlef-heese-1.jpg?resize=768%2C407&amp;ssl=1 768w, https:\/\/i0.wp.com\/osnabrueck.wordcamp.org\/2019\/files\/2019\/01\/detlef-heese-1.jpg?resize=500%2C265&amp;ssl=1 500w, https:\/\/i0.wp.com\/osnabrueck.wordcamp.org\/2019\/files\/2019\/01\/detlef-heese-1.jpg?w=1749&amp;ssl=1 1749w, https:\/\/i0.wp.com\/osnabrueck.wordcamp.org\/2019\/files\/2019\/01\/detlef-heese-1.jpg?w=1575&amp;ssl=1 1575w\" sizes=\"auto, (max-width: 767px) 89vw, (max-width: 1000px) 54vw, (max-width: 1071px) 543px, 580px\" \/><\/figure><div class=\"wp-block-media-text__content\">\n<p class=\"subheadline\">Webseiten-Badges<\/p>\n\n\n\n<h2 class=\"wp-block-heading\">Zeige, dass<br>Du dabei bist<\/h2>\n\n\n\n<p><strong>Detlef Heese<\/strong> freut sich sehr auf das Osnabr\u00fccker WordCamp und ist neben Initiator auch f\u00fcr die Grafik dieses WordCamps verantwortlich<\/p>\n<\/div><\/div>\n\n\n\n<h2 class=\"wp-block-heading\">F\u00fcr Deine Webseite<\/h2>\n\n\n\n<p>Du kannst das erste WordCamp in Osnabr\u00fcck kaum erwarten und m\u00f6chtest deine Freude mit der Welt teilen? Kein Problem \u2013 Wir haben knallige Badges f\u00fcr dich, die du gerne auf deiner Webseite \/ Twitter \/ Facebook und Co. ver\u00f6ffentlichen darfst. <\/p>\n\n\n\n<p><strong>\u00d6ffne deinen Badge einfach in einem neuen Tab und speicher das Bild als PNG ab.<\/strong> <br>Wir freuen uns \u00fcber deine Verlinkung (<strong>bitte nicht hotlinken<\/strong>!). Danke!<br><\/p>\n\n\n\n<div class=\"wp-block-columns has-2-columns is-layout-flex wp-container-core-columns-is-layout-9d6595d7 wp-block-columns-is-layout-flex\">\n<div class=\"wp-block-column is-layout-flow wp-block-column-is-layout-flow\">\n<figure class=\"wp-block-image\"><a href=\"https:\/\/i0.wp.com\/2019.osnabrueck.wordcamp.org\/files\/2018\/12\/Zeichenfl%C3%A4che-19-Kopie-4.png?ssl=1\"><img data-recalc-dims=\"1\" loading=\"lazy\" decoding=\"async\" width=\"525\" height=\"525\" src=\"https:\/\/i0.wp.com\/2019.osnabrueck.wordcamp.org\/files\/2018\/12\/Zeichenfl%C3%A4che-19-Kopie-4.png?resize=525%2C525&#038;ssl=1\" alt=\"\" class=\"wp-image-657\" srcset=\"https:\/\/i0.wp.com\/osnabrueck.wordcamp.org\/2019\/files\/2018\/12\/Zeichenfl%C3%A4che-19-Kopie-4.png?w=1001&amp;ssl=1 1001w, https:\/\/i0.wp.com\/osnabrueck.wordcamp.org\/2019\/files\/2018\/12\/Zeichenfl%C3%A4che-19-Kopie-4.png?resize=150%2C150&amp;ssl=1 150w, https:\/\/i0.wp.com\/osnabrueck.wordcamp.org\/2019\/files\/2018\/12\/Zeichenfl%C3%A4che-19-Kopie-4.png?resize=300%2C300&amp;ssl=1 300w, https:\/\/i0.wp.com\/osnabrueck.wordcamp.org\/2019\/files\/2018\/12\/Zeichenfl%C3%A4che-19-Kopie-4.png?resize=768%2C768&amp;ssl=1 768w, https:\/\/i0.wp.com\/osnabrueck.wordcamp.org\/2019\/files\/2018\/12\/Zeichenfl%C3%A4che-19-Kopie-4.png?resize=100%2C100&amp;ssl=1 100w\" sizes=\"auto, (max-width: 767px) 89vw, (max-width: 1000px) 54vw, (max-width: 1071px) 543px, 580px\" \/><\/a><\/figure>\n<\/div>\n\n\n\n<div class=\"wp-block-column is-layout-flow wp-block-column-is-layout-flow\">\n<figure class=\"wp-block-image\"><a href=\"https:\/\/i0.wp.com\/2019.osnabrueck.wordcamp.org\/files\/2018\/12\/Zeichenfl%C3%A4che-19-Kopie-8.png?ssl=1\"><img data-recalc-dims=\"1\" loading=\"lazy\" decoding=\"async\" width=\"525\" height=\"525\" src=\"https:\/\/i0.wp.com\/2019.osnabrueck.wordcamp.org\/files\/2018\/12\/Zeichenfl%C3%A4che-19-Kopie-8.png?resize=525%2C525&#038;ssl=1\" alt=\"\" class=\"wp-image-661\" srcset=\"https:\/\/i0.wp.com\/osnabrueck.wordcamp.org\/2019\/files\/2018\/12\/Zeichenfl%C3%A4che-19-Kopie-8.png?w=1001&amp;ssl=1 1001w, https:\/\/i0.wp.com\/osnabrueck.wordcamp.org\/2019\/files\/2018\/12\/Zeichenfl%C3%A4che-19-Kopie-8.png?resize=150%2C150&amp;ssl=1 150w, https:\/\/i0.wp.com\/osnabrueck.wordcamp.org\/2019\/files\/2018\/12\/Zeichenfl%C3%A4che-19-Kopie-8.png?resize=300%2C300&amp;ssl=1 300w, https:\/\/i0.wp.com\/osnabrueck.wordcamp.org\/2019\/files\/2018\/12\/Zeichenfl%C3%A4che-19-Kopie-8.png?resize=768%2C768&amp;ssl=1 768w, https:\/\/i0.wp.com\/osnabrueck.wordcamp.org\/2019\/files\/2018\/12\/Zeichenfl%C3%A4che-19-Kopie-8.png?resize=100%2C100&amp;ssl=1 100w\" sizes=\"auto, (max-width: 767px) 89vw, (max-width: 1000px) 54vw, (max-width: 1071px) 543px, 580px\" \/><\/a><\/figure>\n<\/div>\n<\/div>\n\n\n\n<div class=\"wp-block-columns has-2-columns is-layout-flex wp-container-core-columns-is-layout-9d6595d7 wp-block-columns-is-layout-flex\">\n<div class=\"wp-block-column is-layout-flow wp-block-column-is-layout-flow\">\n<figure class=\"wp-block-image\"><img data-recalc-dims=\"1\" loading=\"lazy\" decoding=\"async\" width=\"525\" height=\"525\" src=\"https:\/\/i0.wp.com\/2019.osnabrueck.wordcamp.org\/files\/2018\/12\/Zeichenfl%C3%A4che-19-Kopie-5.png?resize=525%2C525&#038;ssl=1\" alt=\"\" class=\"wp-image-658\" srcset=\"https:\/\/i0.wp.com\/osnabrueck.wordcamp.org\/2019\/files\/2018\/12\/Zeichenfl%C3%A4che-19-Kopie-5.png?w=1001&amp;ssl=1 1001w, https:\/\/i0.wp.com\/osnabrueck.wordcamp.org\/2019\/files\/2018\/12\/Zeichenfl%C3%A4che-19-Kopie-5.png?resize=150%2C150&amp;ssl=1 150w, https:\/\/i0.wp.com\/osnabrueck.wordcamp.org\/2019\/files\/2018\/12\/Zeichenfl%C3%A4che-19-Kopie-5.png?resize=300%2C300&amp;ssl=1 300w, https:\/\/i0.wp.com\/osnabrueck.wordcamp.org\/2019\/files\/2018\/12\/Zeichenfl%C3%A4che-19-Kopie-5.png?resize=768%2C768&amp;ssl=1 768w, https:\/\/i0.wp.com\/osnabrueck.wordcamp.org\/2019\/files\/2018\/12\/Zeichenfl%C3%A4che-19-Kopie-5.png?resize=100%2C100&amp;ssl=1 100w\" sizes=\"auto, (max-width: 767px) 89vw, (max-width: 1000px) 54vw, (max-width: 1071px) 543px, 580px\" \/><\/figure>\n<\/div>\n\n\n\n<div class=\"wp-block-column is-layout-flow wp-block-column-is-layout-flow\">\n<figure class=\"wp-block-image\"><img data-recalc-dims=\"1\" loading=\"lazy\" decoding=\"async\" width=\"525\" height=\"525\" src=\"https:\/\/i0.wp.com\/2019.osnabrueck.wordcamp.org\/files\/2018\/12\/Zeichenfl%C3%A4che-19-Kopie-3.png?resize=525%2C525&#038;ssl=1\" alt=\"\" class=\"wp-image-656\" srcset=\"https:\/\/i0.wp.com\/osnabrueck.wordcamp.org\/2019\/files\/2018\/12\/Zeichenfl%C3%A4che-19-Kopie-3.png?w=1001&amp;ssl=1 1001w, https:\/\/i0.wp.com\/osnabrueck.wordcamp.org\/2019\/files\/2018\/12\/Zeichenfl%C3%A4che-19-Kopie-3.png?resize=150%2C150&amp;ssl=1 150w, https:\/\/i0.wp.com\/osnabrueck.wordcamp.org\/2019\/files\/2018\/12\/Zeichenfl%C3%A4che-19-Kopie-3.png?resize=300%2C300&amp;ssl=1 300w, https:\/\/i0.wp.com\/osnabrueck.wordcamp.org\/2019\/files\/2018\/12\/Zeichenfl%C3%A4che-19-Kopie-3.png?resize=768%2C768&amp;ssl=1 768w, https:\/\/i0.wp.com\/osnabrueck.wordcamp.org\/2019\/files\/2018\/12\/Zeichenfl%C3%A4che-19-Kopie-3.png?resize=100%2C100&amp;ssl=1 100w\" sizes=\"auto, (max-width: 767px) 89vw, (max-width: 1000px) 54vw, (max-width: 1071px) 543px, 580px\" \/><\/figure>\n<\/div>\n<\/div>\n\n\n\n<div class=\"wp-block-columns has-2-columns is-layout-flex wp-container-core-columns-is-layout-9d6595d7 wp-block-columns-is-layout-flex\">\n<div class=\"wp-block-column is-layout-flow wp-block-column-is-layout-flow\">\n<figure class=\"wp-block-image\"><img data-recalc-dims=\"1\" loading=\"lazy\" decoding=\"async\" width=\"525\" height=\"525\" src=\"https:\/\/i0.wp.com\/2019.osnabrueck.wordcamp.org\/files\/2018\/12\/Zeichenfl%C3%A4che-19-Kopie-6.png?resize=525%2C525&#038;ssl=1\" alt=\"\" class=\"wp-image-659\" srcset=\"https:\/\/i0.wp.com\/osnabrueck.wordcamp.org\/2019\/files\/2018\/12\/Zeichenfl%C3%A4che-19-Kopie-6.png?w=1001&amp;ssl=1 1001w, https:\/\/i0.wp.com\/osnabrueck.wordcamp.org\/2019\/files\/2018\/12\/Zeichenfl%C3%A4che-19-Kopie-6.png?resize=150%2C150&amp;ssl=1 150w, https:\/\/i0.wp.com\/osnabrueck.wordcamp.org\/2019\/files\/2018\/12\/Zeichenfl%C3%A4che-19-Kopie-6.png?resize=300%2C300&amp;ssl=1 300w, https:\/\/i0.wp.com\/osnabrueck.wordcamp.org\/2019\/files\/2018\/12\/Zeichenfl%C3%A4che-19-Kopie-6.png?resize=768%2C768&amp;ssl=1 768w, https:\/\/i0.wp.com\/osnabrueck.wordcamp.org\/2019\/files\/2018\/12\/Zeichenfl%C3%A4che-19-Kopie-6.png?resize=100%2C100&amp;ssl=1 100w\" sizes=\"auto, (max-width: 767px) 89vw, (max-width: 1000px) 54vw, (max-width: 1071px) 543px, 580px\" \/><\/figure>\n<\/div>\n\n\n\n<div class=\"wp-block-column is-layout-flow wp-block-column-is-layout-flow\">\n<figure class=\"wp-block-image\"><img data-recalc-dims=\"1\" loading=\"lazy\" decoding=\"async\" width=\"525\" height=\"525\" src=\"https:\/\/i0.wp.com\/2019.osnabrueck.wordcamp.org\/files\/2018\/12\/Zeichenfl%C3%A4che-19-Kopie-10.png?resize=525%2C525&#038;ssl=1\" alt=\"\" class=\"wp-image-663\" srcset=\"https:\/\/i0.wp.com\/osnabrueck.wordcamp.org\/2019\/files\/2018\/12\/Zeichenfl%C3%A4che-19-Kopie-10.png?w=1001&amp;ssl=1 1001w, https:\/\/i0.wp.com\/osnabrueck.wordcamp.org\/2019\/files\/2018\/12\/Zeichenfl%C3%A4che-19-Kopie-10.png?resize=150%2C150&amp;ssl=1 150w, https:\/\/i0.wp.com\/osnabrueck.wordcamp.org\/2019\/files\/2018\/12\/Zeichenfl%C3%A4che-19-Kopie-10.png?resize=300%2C300&amp;ssl=1 300w, https:\/\/i0.wp.com\/osnabrueck.wordcamp.org\/2019\/files\/2018\/12\/Zeichenfl%C3%A4che-19-Kopie-10.png?resize=768%2C768&amp;ssl=1 768w, https:\/\/i0.wp.com\/osnabrueck.wordcamp.org\/2019\/files\/2018\/12\/Zeichenfl%C3%A4che-19-Kopie-10.png?resize=100%2C100&amp;ssl=1 100w\" sizes=\"auto, (max-width: 767px) 89vw, (max-width: 1000px) 54vw, (max-width: 1071px) 543px, 580px\" \/><\/figure>\n<\/div>\n<\/div>\n\n\n\n<div class=\"wp-block-columns has-2-columns is-layout-flex wp-container-core-columns-is-layout-9d6595d7 wp-block-columns-is-layout-flex\">\n<div class=\"wp-block-column is-layout-flow wp-block-column-is-layout-flow\">\n<figure class=\"wp-block-image\"><img data-recalc-dims=\"1\" loading=\"lazy\" decoding=\"async\" width=\"525\" height=\"525\" src=\"https:\/\/i0.wp.com\/2019.osnabrueck.wordcamp.org\/files\/2018\/12\/Zeichenfl%C3%A4che-19-Kopie-7.png?resize=525%2C525&#038;ssl=1\" alt=\"\" class=\"wp-image-660\" srcset=\"https:\/\/i0.wp.com\/osnabrueck.wordcamp.org\/2019\/files\/2018\/12\/Zeichenfl%C3%A4che-19-Kopie-7.png?w=1001&amp;ssl=1 1001w, https:\/\/i0.wp.com\/osnabrueck.wordcamp.org\/2019\/files\/2018\/12\/Zeichenfl%C3%A4che-19-Kopie-7.png?resize=150%2C150&amp;ssl=1 150w, https:\/\/i0.wp.com\/osnabrueck.wordcamp.org\/2019\/files\/2018\/12\/Zeichenfl%C3%A4che-19-Kopie-7.png?resize=300%2C300&amp;ssl=1 300w, https:\/\/i0.wp.com\/osnabrueck.wordcamp.org\/2019\/files\/2018\/12\/Zeichenfl%C3%A4che-19-Kopie-7.png?resize=768%2C768&amp;ssl=1 768w, https:\/\/i0.wp.com\/osnabrueck.wordcamp.org\/2019\/files\/2018\/12\/Zeichenfl%C3%A4che-19-Kopie-7.png?resize=100%2C100&amp;ssl=1 100w\" sizes=\"auto, (max-width: 767px) 89vw, (max-width: 1000px) 54vw, (max-width: 1071px) 543px, 580px\" \/><\/figure>\n<\/div>\n\n\n\n<div class=\"wp-block-column is-layout-flow wp-block-column-is-layout-flow\">\n<figure class=\"wp-block-image\"><img data-recalc-dims=\"1\" loading=\"lazy\" decoding=\"async\" width=\"525\" height=\"525\" src=\"https:\/\/i0.wp.com\/2019.osnabrueck.wordcamp.org\/files\/2018\/12\/Zeichenfl%C3%A4che-19-Kopie-9.png?resize=525%2C525&#038;ssl=1\" alt=\"\" class=\"wp-image-662\" srcset=\"https:\/\/i0.wp.com\/osnabrueck.wordcamp.org\/2019\/files\/2018\/12\/Zeichenfl%C3%A4che-19-Kopie-9.png?w=1001&amp;ssl=1 1001w, https:\/\/i0.wp.com\/osnabrueck.wordcamp.org\/2019\/files\/2018\/12\/Zeichenfl%C3%A4che-19-Kopie-9.png?resize=150%2C150&amp;ssl=1 150w, https:\/\/i0.wp.com\/osnabrueck.wordcamp.org\/2019\/files\/2018\/12\/Zeichenfl%C3%A4che-19-Kopie-9.png?resize=300%2C300&amp;ssl=1 300w, https:\/\/i0.wp.com\/osnabrueck.wordcamp.org\/2019\/files\/2018\/12\/Zeichenfl%C3%A4che-19-Kopie-9.png?resize=768%2C768&amp;ssl=1 768w, https:\/\/i0.wp.com\/osnabrueck.wordcamp.org\/2019\/files\/2018\/12\/Zeichenfl%C3%A4che-19-Kopie-9.png?resize=100%2C100&amp;ssl=1 100w\" sizes=\"auto, (max-width: 767px) 89vw, (max-width: 1000px) 54vw, (max-width: 1071px) 543px, 580px\" \/><\/figure>\n<\/div>\n<\/div>\n","protected":false},"excerpt":{"rendered":"<p>Webseiten-Badges Zeige, dassDu dabei bist Detlef Heese freut sich sehr auf das Osnabr\u00fccker WordCamp und ist neben Initiator auch f\u00fcr die Grafik dieses WordCamps verantwortlich F\u00fcr Deine Webseite Du kannst das erste WordCamp in Osnabr\u00fcck kaum erwarten und m\u00f6chtest deine Freude mit der Welt teilen? Kein Problem \u2013 Wir haben knallige Badges f\u00fcr dich, die &hellip; <\/p>\n<p class=\"link-more\"><a href=\"https:\/\/osnabrueck.wordcamp.org\/2019\/fuer-deine-webseite\/\" class=\"more-link\"><span class=\"screen-reader-text\">\u201eF\u00fcr deine Webseite\u201c<\/span> weiterlesen<\/a><\/p>\n","protected":false},"author":13328835,"featured_media":0,"parent":0,"menu_order":0,"comment_status":"closed","ping_status":"closed","template":"","meta":{"jetpack_post_was_ever_published":false,"footnotes":""},"class_list":["post-655","page","type-page","status-publish","hentry"],"jetpack_sharing_enabled":true,"jetpack_shortlink":"https:\/\/wp.me\/PaiD6O-az","_links":{"self":[{"href":"https:\/\/osnabrueck.wordcamp.org\/2019\/wp-json\/wp\/v2\/pages\/655","targetHints":{"allow":["GET"]}}],"collection":[{"href":"https:\/\/osnabrueck.wordcamp.org\/2019\/wp-json\/wp\/v2\/pages"}],"about":[{"href":"https:\/\/osnabrueck.wordcamp.org\/2019\/wp-json\/wp\/v2\/types\/page"}],"author":[{"embeddable":true,"href":"https:\/\/osnabrueck.wordcamp.org\/2019\/wp-json\/wp\/v2\/users\/13328835"}],"replies":[{"embeddable":true,"href":"https:\/\/osnabrueck.wordcamp.org\/2019\/wp-json\/wp\/v2\/comments?post=655"}],"version-history":[{"count":27,"href":"https:\/\/osnabrueck.wordcamp.org\/2019\/wp-json\/wp\/v2\/pages\/655\/revisions"}],"predecessor-version":[{"id":2602,"href":"https:\/\/osnabrueck.wordcamp.org\/2019\/wp-json\/wp\/v2\/pages\/655\/revisions\/2602"}],"wp:attachment":[{"href":"https:\/\/osnabrueck.wordcamp.org\/2019\/wp-json\/wp\/v2\/media?parent=655"}],"curies":[{"name":"wp","href":"https:\/\/api.w.org\/{rel}","templated":true}]}}