{"id":384,"date":"2018-12-06T16:33:57","date_gmt":"2018-12-06T15:33:57","guid":{"rendered":"https:\/\/2019.osnabrueck.wordcamp.org\/?page_id=384"},"modified":"2019-03-29T18:59:22","modified_gmt":"2019-03-29T17:59:22","slug":"save-the-date","status":"publish","type":"page","link":"https:\/\/osnabrueck.wordcamp.org\/2019\/","title":{"rendered":"Save the date"},"content":{"rendered":"\n<div class=\"wp-block-media-text alignwide has-media-on-the-right is-stacked-on-mobile custom-banner custom-banner--image-last\"><figure class=\"wp-block-media-text__media\"><img data-recalc-dims=\"1\" loading=\"lazy\" decoding=\"async\" width=\"525\" height=\"226\" src=\"https:\/\/i0.wp.com\/2019.osnabrueck.wordcamp.org\/files\/2019\/03\/WCOS-WORDCAMP-1024x440.jpg?resize=525%2C226&#038;ssl=1\" alt=\"\" class=\"wp-image-3698\" srcset=\"https:\/\/i0.wp.com\/osnabrueck.wordcamp.org\/2019\/files\/2019\/03\/WCOS-WORDCAMP.jpg?resize=1024%2C440&amp;ssl=1 1024w, https:\/\/i0.wp.com\/osnabrueck.wordcamp.org\/2019\/files\/2019\/03\/WCOS-WORDCAMP.jpg?resize=300%2C129&amp;ssl=1 300w, https:\/\/i0.wp.com\/osnabrueck.wordcamp.org\/2019\/files\/2019\/03\/WCOS-WORDCAMP.jpg?resize=768%2C330&amp;ssl=1 768w, https:\/\/i0.wp.com\/osnabrueck.wordcamp.org\/2019\/files\/2019\/03\/WCOS-WORDCAMP.jpg?resize=500%2C215&amp;ssl=1 500w, https:\/\/i0.wp.com\/osnabrueck.wordcamp.org\/2019\/files\/2019\/03\/WCOS-WORDCAMP.jpg?w=1575&amp;ssl=1 1575w\" sizes=\"auto, (max-width: 767px) 89vw, (max-width: 1000px) 54vw, (max-width: 1071px) 543px, 580px\" \/><\/figure><div class=\"wp-block-media-text__content\">\n<h3 class=\"wp-block-heading\">Es war ein super  WordCamp! <\/h3>\n\n\n\n<h2 class=\"wp-block-heading\">Danke f\u00fcr diese<br>Coommunity<\/h2>\n\n\n\n<p>Das<strong> Orgateam<\/strong> freut sich,<br>dass es Euch so gut gefallen hat!<\/p>\n<\/div><\/div>\n\n\n\n<p><\/p>\n\n\n\n<div style=\"height:20px\" aria-hidden=\"true\" class=\"wp-block-spacer\"><\/div>\n\n\n\n<h2 class=\"wp-block-heading\">Was dich auf dem <br>WordCamp erwartet<\/h2>\n\n\n\n<p>Das WordCamp Osnabr\u00fcck wird zum gr\u00f6\u00dften Teil ein BarCamp sein. Das BarCamp-Format bedeutet: Beide Veranstaltungstage beginnen mit dem sogenannten Session Pitch. Dort kann jeder WordCamp-Teilnehmer, der einen Vortrag halten m\u00f6chte, seinen Themenvorschlag kurz vorstellen. Wenn sich mehrere f\u00fcr den Vortrag interessieren, wird dieser in den Session-Plan aufgenommen.<br><\/p>\n\n\n\n<p>Damit der erste Konferenztag nicht mit der letzten Session endet, freuen wir uns auf eine gesellige Community-Party in der <a href=\"https:\/\/www.lagerhalle-osnabrueck.de\/content\/\">Lagerhalle Osnabr\u00fcck<\/a> am Samstag Abend.<\/p>\n\n\n\n<p>Am Sonntag findet neben den Sessions au\u00dferdem ein Contributor Day statt. Dort kannst du dich verschiedenen <a href=\"https:\/\/de.wordpress.org\/mitwirken\/\">WordPress-Teams<\/a> anschlie\u00dfen und einen direkten Beitrag zum WordPress Open Source Projekt leisten. <\/p>\n\n\n\n<div style=\"height:100px\" aria-hidden=\"true\" class=\"wp-block-spacer\"><\/div>\n\n\n\n<h3 class=\"wp-block-heading\"><\/h3>\n\n\n\n<div class=\"wp-block-media-text alignwide has-media-on-the-right is-stacked-on-mobile custom-banner custom-banner--image-last\"><figure class=\"wp-block-media-text__media\"><img data-recalc-dims=\"1\" loading=\"lazy\" decoding=\"async\" width=\"525\" height=\"525\" src=\"https:\/\/i0.wp.com\/2019.osnabrueck.wordcamp.org\/files\/2019\/03\/Friedensreiter-Wapuu-WCOS1Kopie-1024x1024.png?resize=525%2C525&#038;ssl=1\" alt=\"Der Wapuu Friedensreiter des WordCamps Osnabr\u00fcck\" class=\"wp-image-3694\" srcset=\"https:\/\/i0.wp.com\/osnabrueck.wordcamp.org\/2019\/files\/2019\/03\/Friedensreiter-Wapuu-WCOS1Kopie.png?resize=1024%2C1024&amp;ssl=1 1024w, https:\/\/i0.wp.com\/osnabrueck.wordcamp.org\/2019\/files\/2019\/03\/Friedensreiter-Wapuu-WCOS1Kopie.png?resize=150%2C150&amp;ssl=1 150w, https:\/\/i0.wp.com\/osnabrueck.wordcamp.org\/2019\/files\/2019\/03\/Friedensreiter-Wapuu-WCOS1Kopie.png?resize=300%2C300&amp;ssl=1 300w, https:\/\/i0.wp.com\/osnabrueck.wordcamp.org\/2019\/files\/2019\/03\/Friedensreiter-Wapuu-WCOS1Kopie.png?resize=768%2C768&amp;ssl=1 768w, https:\/\/i0.wp.com\/osnabrueck.wordcamp.org\/2019\/files\/2019\/03\/Friedensreiter-Wapuu-WCOS1Kopie.png?resize=100%2C100&amp;ssl=1 100w, https:\/\/i0.wp.com\/osnabrueck.wordcamp.org\/2019\/files\/2019\/03\/Friedensreiter-Wapuu-WCOS1Kopie.png?w=1417&amp;ssl=1 1417w\" sizes=\"auto, (max-width: 767px) 89vw, (max-width: 1000px) 54vw, (max-width: 1071px) 543px, 580px\" \/><\/figure><div class=\"wp-block-media-text__content\">\n<h3 class=\"wp-block-heading\">Gut zu erreichen<\/h3>\n\n\n\n<h2 class=\"wp-block-heading\">Knotenpunkt im<br>Nordwesten<\/h2>\n\n\n\n<p>Aufgrund ihrer Lage ist die Stadt Osnabr\u00fcck der perfekte Veranstaltungsort f\u00fcr ein WordCamp. Nicht umsonst gr\u00fcndete Karl der Gro\u00dfe um 780 den Bischofssitz Osnabr\u00fcck an einem Knotenpunkt bedeutender Handelsstra\u00dfen.<\/p>\n\n\n\n<p>Mit dem WordCamp Osnabr\u00fcck m\u00f6chten wir besonders WordPress Fans aus der Region ansprechen. Aus Dortmund, Essen, M\u00fcnster, Bielefeld, Hannover, Oldenburg und Bremen erreichst du Osnabr\u00fcck in unter 2 Stunden. Aber auch K\u00f6ln, Hamburg und Amsterdam sind nur 2,5 Autostunden entfernt.<\/p>\n<\/div><\/div>\n\n\n\n<figure class=\"wp-block-image block-full-width\"><img loading=\"lazy\" decoding=\"async\" width=\"2250\" height=\"920\" src=\"https:\/\/i1.wp.com\/2019.osnabrueck.wordcamp.org\/files\/2019\/01\/OsnabrueckHalle-WordCamp.jpg?fit=525%2C215&amp;ssl=1\" alt=\"\" class=\"wp-image-1948\" srcset=\"https:\/\/i0.wp.com\/osnabrueck.wordcamp.org\/2019\/files\/2019\/01\/OsnabrueckHalle-WordCamp.jpg?w=2250&amp;ssl=1 2250w, https:\/\/i0.wp.com\/osnabrueck.wordcamp.org\/2019\/files\/2019\/01\/OsnabrueckHalle-WordCamp.jpg?resize=300%2C123&amp;ssl=1 300w, https:\/\/i0.wp.com\/osnabrueck.wordcamp.org\/2019\/files\/2019\/01\/OsnabrueckHalle-WordCamp.jpg?resize=768%2C314&amp;ssl=1 768w, https:\/\/i0.wp.com\/osnabrueck.wordcamp.org\/2019\/files\/2019\/01\/OsnabrueckHalle-WordCamp.jpg?resize=1024%2C419&amp;ssl=1 1024w, https:\/\/i0.wp.com\/osnabrueck.wordcamp.org\/2019\/files\/2019\/01\/OsnabrueckHalle-WordCamp.jpg?resize=500%2C204&amp;ssl=1 500w, https:\/\/i0.wp.com\/osnabrueck.wordcamp.org\/2019\/files\/2019\/01\/OsnabrueckHalle-WordCamp.jpg?w=1575&amp;ssl=1 1575w\" sizes=\"auto, (max-width: 767px) 89vw, (max-width: 1000px) 54vw, (max-width: 1071px) 543px, 580px\" \/><\/figure>\n\n\n\n<div class=\"wp-block-columns has-2-columns is-layout-flex wp-container-core-columns-is-layout-9d6595d7 wp-block-columns-is-layout-flex\">\n<div class=\"wp-block-column is-layout-flow wp-block-column-is-layout-flow\">\n<figure class=\"wp-block-image is-resized\"><img data-recalc-dims=\"1\" loading=\"lazy\" decoding=\"async\" src=\"https:\/\/i0.wp.com\/2019.osnabrueck.wordcamp.org\/files\/2018\/12\/wordcamp-osnabrueck-logo-1024x375.png?resize=256%2C93&#038;ssl=1\" alt=\"WordCamp Osnabr\u00fcck\" class=\"wp-image-217\" width=\"256\" height=\"93\" srcset=\"https:\/\/i0.wp.com\/osnabrueck.wordcamp.org\/2019\/files\/2018\/12\/wordcamp-osnabrueck-logo.png?resize=1024%2C375&amp;ssl=1 1024w, https:\/\/i0.wp.com\/osnabrueck.wordcamp.org\/2019\/files\/2018\/12\/wordcamp-osnabrueck-logo.png?resize=300%2C110&amp;ssl=1 300w, https:\/\/i0.wp.com\/osnabrueck.wordcamp.org\/2019\/files\/2018\/12\/wordcamp-osnabrueck-logo.png?resize=768%2C282&amp;ssl=1 768w, https:\/\/i0.wp.com\/osnabrueck.wordcamp.org\/2019\/files\/2018\/12\/wordcamp-osnabrueck-logo.png?resize=500%2C183&amp;ssl=1 500w, https:\/\/i0.wp.com\/osnabrueck.wordcamp.org\/2019\/files\/2018\/12\/wordcamp-osnabrueck-logo.png?w=1140&amp;ssl=1 1140w\" sizes=\"auto, (max-width: 256px) 100vw, 256px\" \/><\/figure>\n<\/div>\n\n\n\n<div class=\"wp-block-column is-layout-flow wp-block-column-is-layout-flow\">\n<p><br>Ein <strong>WordCamp&nbsp;<\/strong>f\u00fcr die Region, <br>Deutschland und die Welt.<\/p>\n<\/div>\n<\/div>\n\n\n\n\n\n<div class=\"wp-block-media-text alignwide has-media-on-the-right is-stacked-on-mobile custom-banner custom-banner--image-last\"><figure class=\"wp-block-media-text__media\"><img data-recalc-dims=\"1\" loading=\"lazy\" decoding=\"async\" width=\"525\" height=\"192\" src=\"https:\/\/i0.wp.com\/2019.osnabrueck.wordcamp.org\/files\/2019\/03\/sponsoren-1024x375.jpg?resize=525%2C192&#038;ssl=1\" alt=\"\" class=\"wp-image-3747\" srcset=\"https:\/\/i0.wp.com\/osnabrueck.wordcamp.org\/2019\/files\/2019\/03\/sponsoren.jpg?resize=1024%2C375&amp;ssl=1 1024w, https:\/\/i0.wp.com\/osnabrueck.wordcamp.org\/2019\/files\/2019\/03\/sponsoren.jpg?resize=300%2C110&amp;ssl=1 300w, https:\/\/i0.wp.com\/osnabrueck.wordcamp.org\/2019\/files\/2019\/03\/sponsoren.jpg?resize=768%2C281&amp;ssl=1 768w, https:\/\/i0.wp.com\/osnabrueck.wordcamp.org\/2019\/files\/2019\/03\/sponsoren.jpg?resize=500%2C183&amp;ssl=1 500w, https:\/\/i0.wp.com\/osnabrueck.wordcamp.org\/2019\/files\/2019\/03\/sponsoren.jpg?w=1288&amp;ssl=1 1288w\" sizes=\"auto, (max-width: 767px) 89vw, (max-width: 1000px) 54vw, (max-width: 1071px) 543px, 580px\" \/><\/figure><div class=\"wp-block-media-text__content\">\n<h2 class=\"wp-block-heading\">Ein gro\u00dfes <br>Dankesch\u00f6n<\/h2>\n\n\n\n<p>Einen gro\u00dfen Dank an alle unsere <a href=\"https:\/\/2019.osnabrueck.wordcamp.org\/sponsoren\/\"><strong>Sponsoren<\/strong><\/a>, die dieses WordCamp in Osnabr\u00fcck erst m\u00f6glich machen!<br><\/p>\n<\/div><\/div>\n","protected":false},"excerpt":{"rendered":"<p>Es war ein super WordCamp! Danke f\u00fcr dieseCoommunity Das Orgateam freut sich,dass es Euch so gut gefallen hat! Was dich auf dem WordCamp erwartet Das WordCamp Osnabr\u00fcck wird zum gr\u00f6\u00dften Teil ein BarCamp sein. Das BarCamp-Format bedeutet: Beide Veranstaltungstage beginnen mit dem sogenannten Session Pitch. Dort kann jeder WordCamp-Teilnehmer, der einen Vortrag halten m\u00f6chte, seinen &hellip; <\/p>\n<p class=\"link-more\"><a href=\"https:\/\/osnabrueck.wordcamp.org\/2019\/\" class=\"more-link\"><span class=\"screen-reader-text\">\u201eSave the date\u201c<\/span> weiterlesen<\/a><\/p>\n","protected":false},"author":13328835,"featured_media":0,"parent":0,"menu_order":0,"comment_status":"closed","ping_status":"closed","template":"","meta":{"jetpack_post_was_ever_published":false,"footnotes":""},"class_list":["post-384","page","type-page","status-publish","hentry"],"jetpack_sharing_enabled":true,"jetpack_shortlink":"https:\/\/wp.me\/PaiD6O-6c","_links":{"self":[{"href":"https:\/\/osnabrueck.wordcamp.org\/2019\/wp-json\/wp\/v2\/pages\/384","targetHints":{"allow":["GET"]}}],"collection":[{"href":"https:\/\/osnabrueck.wordcamp.org\/2019\/wp-json\/wp\/v2\/pages"}],"about":[{"href":"https:\/\/osnabrueck.wordcamp.org\/2019\/wp-json\/wp\/v2\/types\/page"}],"author":[{"embeddable":true,"href":"https:\/\/osnabrueck.wordcamp.org\/2019\/wp-json\/wp\/v2\/users\/13328835"}],"replies":[{"embeddable":true,"href":"https:\/\/osnabrueck.wordcamp.org\/2019\/wp-json\/wp\/v2\/comments?post=384"}],"version-history":[{"count":215,"href":"https:\/\/osnabrueck.wordcamp.org\/2019\/wp-json\/wp\/v2\/pages\/384\/revisions"}],"predecessor-version":[{"id":3862,"href":"https:\/\/osnabrueck.wordcamp.org\/2019\/wp-json\/wp\/v2\/pages\/384\/revisions\/3862"}],"wp:attachment":[{"href":"https:\/\/osnabrueck.wordcamp.org\/2019\/wp-json\/wp\/v2\/media?parent=384"}],"curies":[{"name":"wp","href":"https:\/\/api.w.org\/{rel}","templated":true}]}}