{"id":19,"date":"2018-09-20T10:54:50","date_gmt":"2018-09-20T10:54:50","guid":{"rendered":"https:\/\/2019.osnabrueck.wordcamp.org\/code-of-conduct\/"},"modified":"2019-01-11T15:17:18","modified_gmt":"2019-01-11T14:17:18","slug":"code-of-conduct","status":"publish","type":"page","link":"https:\/\/osnabrueck.wordcamp.org\/2019\/code-of-conduct\/","title":{"rendered":"Code of Conduct"},"content":{"rendered":"\n<div class=\"wp-block-media-text alignwide has-media-on-the-right is-stacked-on-mobile custom-banner custom-banner--image-last\"><figure class=\"wp-block-media-text__media\"><img data-recalc-dims=\"1\" loading=\"lazy\" decoding=\"async\" width=\"525\" height=\"278\" src=\"https:\/\/i0.wp.com\/2019.osnabrueck.wordcamp.org\/files\/2019\/01\/Daniel-1-1024x543.jpg?resize=525%2C278&#038;ssl=1\" alt=\"Daniel H\u00fcsken\" class=\"wp-image-1296\" srcset=\"https:\/\/i0.wp.com\/osnabrueck.wordcamp.org\/2019\/files\/2019\/01\/Daniel-1.jpg?resize=1024%2C543&amp;ssl=1 1024w, https:\/\/i0.wp.com\/osnabrueck.wordcamp.org\/2019\/files\/2019\/01\/Daniel-1.jpg?resize=300%2C159&amp;ssl=1 300w, https:\/\/i0.wp.com\/osnabrueck.wordcamp.org\/2019\/files\/2019\/01\/Daniel-1.jpg?resize=768%2C407&amp;ssl=1 768w, https:\/\/i0.wp.com\/osnabrueck.wordcamp.org\/2019\/files\/2019\/01\/Daniel-1.jpg?resize=500%2C265&amp;ssl=1 500w, https:\/\/i0.wp.com\/osnabrueck.wordcamp.org\/2019\/files\/2019\/01\/Daniel-1.jpg?w=1749&amp;ssl=1 1749w, https:\/\/i0.wp.com\/osnabrueck.wordcamp.org\/2019\/files\/2019\/01\/Daniel-1.jpg?w=1575&amp;ssl=1 1575w\" sizes=\"auto, (max-width: 767px) 89vw, (max-width: 1000px) 54vw, (max-width: 1071px) 543px, 580px\" \/><\/figure><div class=\"wp-block-media-text__content\">\n<p class=\"subheadline\">Code of Conduct<\/p>\n\n\n\n<h2 class=\"wp-block-heading\">Seid lieb zueinander!<\/h2>\n\n\n\n<p><strong>Daniel H\u00fcsken<\/strong> k\u00fcmmert sich um die Volunteers <br>auf dem Osnabr\u00fccker WordCamp<\/p>\n<\/div><\/div>\n\n\n\n<h2 class=\"wp-block-heading\">Code of Conduct<\/h2>\n\n\n<p><strong>Vereinbarung zwischen dem WordCamp-Veranstalter sowie den Referentinnen, Sponsoren und Freiwilligen.<\/strong><\/p>\n<ol>\n<li>Mir ist bewusst, dass WordCamps durch Live-Veranstaltungen die lokale WordPress-Community f\u00f6rdern sollen. Das Teilen von Online-Videos und anderer Materialien soll ebenfalls die Community unterst\u00fctzen.<\/li>\n<li>Ich wei\u00df, dass ein WordCamp eine ungezwungene, lokale und ehrenamtlich organisierte Veranstaltung ist, die sich auf WordPress konzentriert und die lokale WordPress-Community widerspiegelt, die es verk\u00f6rpert.<\/li>\n<li>Mir ist bewusst, dass von WordCamp-OrganisatorInnen, ReferentInnen, Sponsoren und Freiwilligen erwartet wird, dass sie das WordPress-Projekt und dessen Grunds\u00e4tze unterst\u00fctzen.<\/li>\n<li>Ich respektiere die Grunds\u00e4tze des WordPress-Projekts, die wie folgt lauten:\n<ul>\n<li>Keine Diskriminierung auf Grundlage von wirtschaftlichem oder sozialem Status, Rasse, Hautfarbe, ethnischer Herkunft, Nationalit\u00e4t, Glauben, Religion, politischer \u00dcberzeugung, Geschlecht, sexueller Orientierung, Familienstand, Alter oder Behinderung<\/li>\n<li>Keine Anstiftung zur Gewalt oder F\u00f6rderung des Hasses<\/li>\n<li>Keine Spammer<\/li>\n<li>Respektieren der Marke WordPress<\/li>\n<li>\u00dcbernahme der WordPress-Lizenz. Beim Vertrieb von aus WordPress abgeleiteten Werken (Themes, Plugins, WP-Distributionen), sollte jede Person \/ jedes Unternehmen, welches offiziell mit dem WordCamp assoziiert ist, ihren Nutzern die gleichen Freiheiten einr\u00e4umen, die WordPress selbst gew\u00e4hrt: 100% GPL oder eine kompatible Lizenz, die gleichen Richtlinien, denen wir auf WordPress.org folgen.<\/li>\n<li>keine F\u00f6rderung von Unternehmen oder Personen, die von WordPress abgeleitete Werke verbreiten, die nicht 100% GPL kompatibel sind.<\/li>\n<\/ul>\n<\/li>\n<li>Ich erkenne an, dass WordCamps nicht-profitorientierte Veranstaltungen sind, die mit Budget- und Finanzierungstransparenz ausgerichtet werden.<\/li>\n<li>Ich stimme zu, dass WordCamps so vielen Menschen wie m\u00f6glich zug\u00e4nglich sein sollen, unabh\u00e4ngig von deren finanzieller Situation.<\/li>\n<li>Ich best\u00e4tige, dass ich kein\/e MitarbeiterIn der WordPress Foundation bin und am WordCamp ausschlie\u00dflich als Freiwillige\/r teilnehme.<\/li>\n<\/ol>\n<p><em>Die \u00dcbersetzung wurde vom WordCamp Hamburg 2014 Team erstellt, Quellen:<\/em><\/p>\n<p><a href=\"http:\/\/2014.hamburg.wordcamp.org\/ueber\/wordcamp-guidelines\/\" target=\"_blank\" rel=\"noopener\">http:\/\/2014.hamburg.wordcamp.org\/ueber\/wordcamp-guidelines\/<\/a><br><a href=\"http:\/\/plan.wordcamp.org\/agreement-among-wordcamp-organizers-speakers-sponsors-and-volunteers\/\" target=\"_blank\" rel=\"noopener\">http:\/\/plan.wordcamp.org\/agreement-among-wordcamp-organizers-speakers-sponsors-and-volunteers\/<\/a><\/p>","protected":false},"excerpt":{"rendered":"<p>Code of Conduct Seid lieb zueinander! Daniel H\u00fcsken k\u00fcmmert sich um die Volunteers auf dem Osnabr\u00fccker WordCamp Code of Conduct Vereinbarung zwischen dem WordCamp-Veranstalter sowie den Referentinnen, Sponsoren und Freiwilligen. Mir ist bewusst, dass WordCamps durch Live-Veranstaltungen die lokale WordPress-Community f\u00f6rdern sollen. Das Teilen von Online-Videos und anderer Materialien soll ebenfalls die Community unterst\u00fctzen. Ich &hellip; <\/p>\n<p class=\"link-more\"><a href=\"https:\/\/osnabrueck.wordcamp.org\/2019\/code-of-conduct\/\" class=\"more-link\"><span class=\"screen-reader-text\">\u201eCode of Conduct\u201c<\/span> weiterlesen<\/a><\/p>\n","protected":false},"author":13744016,"featured_media":0,"parent":0,"menu_order":0,"comment_status":"closed","ping_status":"closed","template":"","meta":{"jetpack_post_was_ever_published":false,"footnotes":""},"class_list":["post-19","page","type-page","status-publish","hentry"],"jetpack_sharing_enabled":true,"jetpack_shortlink":"https:\/\/wp.me\/PaiD6O-j","_links":{"self":[{"href":"https:\/\/osnabrueck.wordcamp.org\/2019\/wp-json\/wp\/v2\/pages\/19","targetHints":{"allow":["GET"]}}],"collection":[{"href":"https:\/\/osnabrueck.wordcamp.org\/2019\/wp-json\/wp\/v2\/pages"}],"about":[{"href":"https:\/\/osnabrueck.wordcamp.org\/2019\/wp-json\/wp\/v2\/types\/page"}],"author":[{"embeddable":true,"href":"https:\/\/osnabrueck.wordcamp.org\/2019\/wp-json\/wp\/v2\/users\/13744016"}],"replies":[{"embeddable":true,"href":"https:\/\/osnabrueck.wordcamp.org\/2019\/wp-json\/wp\/v2\/comments?post=19"}],"version-history":[{"count":14,"href":"https:\/\/osnabrueck.wordcamp.org\/2019\/wp-json\/wp\/v2\/pages\/19\/revisions"}],"predecessor-version":[{"id":1353,"href":"https:\/\/osnabrueck.wordcamp.org\/2019\/wp-json\/wp\/v2\/pages\/19\/revisions\/1353"}],"wp:attachment":[{"href":"https:\/\/osnabrueck.wordcamp.org\/2019\/wp-json\/wp\/v2\/media?parent=19"}],"curies":[{"name":"wp","href":"https:\/\/api.w.org\/{rel}","templated":true}]}}