{"id":13,"date":"2019-01-11T14:50:08","date_gmt":"2019-01-11T13:50:08","guid":{"rendered":"https:\/\/2019.osnabrueck.wordcamp.org\/?page_id=13"},"modified":"2019-03-22T12:55:09","modified_gmt":"2019-03-22T11:55:09","slug":"tickets","status":"publish","type":"page","link":"https:\/\/osnabrueck.wordcamp.org\/2019\/tickets\/","title":{"rendered":"Tickets"},"content":{"rendered":"\n<div class=\"wp-block-media-text alignwide has-media-on-the-right is-stacked-on-mobile custom-banner custom-banner--image-last\"><figure class=\"wp-block-media-text__media\"><img data-recalc-dims=\"1\" loading=\"lazy\" decoding=\"async\" width=\"525\" height=\"278\" src=\"https:\/\/i0.wp.com\/2019.osnabrueck.wordcamp.org\/files\/2019\/02\/letzte-tickets-1024x543.jpg?resize=525%2C278&#038;ssl=1\" alt=\"\" class=\"wp-image-2850\" srcset=\"https:\/\/i0.wp.com\/osnabrueck.wordcamp.org\/2019\/files\/2019\/02\/letzte-tickets.jpg?resize=1024%2C543&amp;ssl=1 1024w, https:\/\/i0.wp.com\/osnabrueck.wordcamp.org\/2019\/files\/2019\/02\/letzte-tickets.jpg?resize=300%2C159&amp;ssl=1 300w, https:\/\/i0.wp.com\/osnabrueck.wordcamp.org\/2019\/files\/2019\/02\/letzte-tickets.jpg?resize=768%2C407&amp;ssl=1 768w, https:\/\/i0.wp.com\/osnabrueck.wordcamp.org\/2019\/files\/2019\/02\/letzte-tickets.jpg?resize=500%2C265&amp;ssl=1 500w, https:\/\/i0.wp.com\/osnabrueck.wordcamp.org\/2019\/files\/2019\/02\/letzte-tickets.jpg?w=1749&amp;ssl=1 1749w, https:\/\/i0.wp.com\/osnabrueck.wordcamp.org\/2019\/files\/2019\/02\/letzte-tickets.jpg?w=1575&amp;ssl=1 1575w\" sizes=\"auto, (max-width: 767px) 89vw, (max-width: 1000px) 54vw, (max-width: 1071px) 543px, 580px\" \/><\/figure><div class=\"wp-block-media-text__content\">\n<p class=\"subheadline\">Nur noch wenige Tickets!<\/p>\n\n\n\n<h2 class=\"wp-block-heading\">Zwei Tage<br>Community <br>f\u00fcr&#8217;n Fuffi<\/h2>\n\n\n\n<p><strong>Jessica Lyschik<\/strong> hat als Lead-Organizerin <br>den Hut auf und Finanzen im Blick<\/p>\n<\/div><\/div>\n\n\n\n<h2 class=\"wp-block-heading\">Tickets f\u00fcr alle<br>WordPress-Freunde<\/h2>\n\n\n\n<p><strong>Bitte beachtet, dass es bei unserem WordCamp keine Freitickets f\u00fcr das Orga-Team, Volunteers und Workshop-Leiter gibt. Mehr Infos dazu <\/strong><a href=\"https:\/\/2019.osnabrueck.wordcamp.org\/schnapp-dir-eines-der-wordcamp-osnabrueck-tickets\/\"><strong>in unserem Blogbeitrag<\/strong><\/a><strong>. Bitte sichert euch hier ein Ticket!<\/strong><\/p>\n\n\n\n<p>English: Please note that we do not give out free tickets to the organizing team, the volunteers and the workshop speakers. Everyone has to purchase a ticket! Volunteers and workshop speakers will get a gift for supporting the WordCamp.<\/p>\n\n\n<a href=\"https:\/\/osnabrueck.wordcamp.org\/2019\/tickets\/\">Bitte rufe diese Seite in einem Browser auf, um Tickets zu kaufen oder zu verwalten.<\/a>\n","protected":false},"excerpt":{"rendered":"<p>Nur noch wenige Tickets! Zwei TageCommunity f\u00fcr&#8217;n Fuffi Jessica Lyschik hat als Lead-Organizerin den Hut auf und Finanzen im Blick Tickets f\u00fcr alleWordPress-Freunde Bitte beachtet, dass es bei unserem WordCamp keine Freitickets f\u00fcr das Orga-Team, Volunteers und Workshop-Leiter gibt. Mehr Infos dazu in unserem Blogbeitrag. Bitte sichert euch hier ein Ticket! English: Please note that &hellip; <\/p>\n<p class=\"link-more\"><a href=\"https:\/\/osnabrueck.wordcamp.org\/2019\/tickets\/\" class=\"more-link\"><span class=\"screen-reader-text\">\u201eTickets\u201c<\/span> weiterlesen<\/a><\/p>\n","protected":false},"author":13744016,"featured_media":0,"parent":0,"menu_order":0,"comment_status":"closed","ping_status":"closed","template":"","meta":{"jetpack_post_was_ever_published":false,"footnotes":""},"class_list":["post-13","page","type-page","status-publish","hentry"],"jetpack_sharing_enabled":true,"jetpack_shortlink":"https:\/\/wp.me\/PaiD6O-d","_links":{"self":[{"href":"https:\/\/osnabrueck.wordcamp.org\/2019\/wp-json\/wp\/v2\/pages\/13","targetHints":{"allow":["GET"]}}],"collection":[{"href":"https:\/\/osnabrueck.wordcamp.org\/2019\/wp-json\/wp\/v2\/pages"}],"about":[{"href":"https:\/\/osnabrueck.wordcamp.org\/2019\/wp-json\/wp\/v2\/types\/page"}],"author":[{"embeddable":true,"href":"https:\/\/osnabrueck.wordcamp.org\/2019\/wp-json\/wp\/v2\/users\/13744016"}],"replies":[{"embeddable":true,"href":"https:\/\/osnabrueck.wordcamp.org\/2019\/wp-json\/wp\/v2\/comments?post=13"}],"version-history":[{"count":35,"href":"https:\/\/osnabrueck.wordcamp.org\/2019\/wp-json\/wp\/v2\/pages\/13\/revisions"}],"predecessor-version":[{"id":3537,"href":"https:\/\/osnabrueck.wordcamp.org\/2019\/wp-json\/wp\/v2\/pages\/13\/revisions\/3537"}],"wp:attachment":[{"href":"https:\/\/osnabrueck.wordcamp.org\/2019\/wp-json\/wp\/v2\/media?parent=13"}],"curies":[{"name":"wp","href":"https:\/\/api.w.org\/{rel}","templated":true}]}}