{"id":12,"date":"2018-09-20T10:54:50","date_gmt":"2018-09-20T09:54:50","guid":{"rendered":"https:\/\/2019.osnabrueck.wordcamp.org\/organizers\/"},"modified":"2019-01-13T07:04:15","modified_gmt":"2019-01-13T06:04:15","slug":"orgateam","status":"publish","type":"page","link":"https:\/\/osnabrueck.wordcamp.org\/2019\/orgateam\/","title":{"rendered":"Organizers"},"content":{"rendered":"\n<div class=\"wp-block-media-text alignwide has-media-on-the-right is-stacked-on-mobile custom-banner custom-banner--image-last\"><figure class=\"wp-block-media-text__media\"><img data-recalc-dims=\"1\" loading=\"lazy\" decoding=\"async\" width=\"525\" height=\"278\" src=\"https:\/\/i0.wp.com\/2019.osnabrueck.wordcamp.org\/files\/2019\/01\/Janin-1-1024x543.jpg?resize=525%2C278&#038;ssl=1\" alt=\"\" class=\"wp-image-1301\" srcset=\"https:\/\/i0.wp.com\/osnabrueck.wordcamp.org\/2019\/files\/2019\/01\/Janin-1.jpg?resize=1024%2C543&amp;ssl=1 1024w, https:\/\/i0.wp.com\/osnabrueck.wordcamp.org\/2019\/files\/2019\/01\/Janin-1.jpg?resize=300%2C159&amp;ssl=1 300w, https:\/\/i0.wp.com\/osnabrueck.wordcamp.org\/2019\/files\/2019\/01\/Janin-1.jpg?resize=768%2C407&amp;ssl=1 768w, https:\/\/i0.wp.com\/osnabrueck.wordcamp.org\/2019\/files\/2019\/01\/Janin-1.jpg?resize=500%2C265&amp;ssl=1 500w, https:\/\/i0.wp.com\/osnabrueck.wordcamp.org\/2019\/files\/2019\/01\/Janin-1.jpg?w=1749&amp;ssl=1 1749w, https:\/\/i0.wp.com\/osnabrueck.wordcamp.org\/2019\/files\/2019\/01\/Janin-1.jpg?w=1575&amp;ssl=1 1575w\" sizes=\"auto, (max-width: 767px) 89vw, (max-width: 1000px) 54vw, (max-width: 1071px) 543px, 580px\" \/><\/figure><div class=\"wp-block-media-text__content\">\n<p class=\"subheadline\">Das Organisatorenteam<\/p>\n\n\n\n<h2 class=\"wp-block-heading\">Unser Herz schl\u00e4gt f\u00fcr die WordPress Community!<\/h2>\n\n\n\n<p><strong>Janin Arntzen&nbsp;<\/strong>k\u00fcmmert&nbsp;sich<br>um&nbsp;Venue, Food, Party und Travel<\/p>\n<\/div><\/div>\n\n\n\n<h4 class=\"wp-block-heading\">Vorstellung des Orgateams<\/h4>\n\n\n\n<span class=\"namen-team\">\t<div class=\"wcorg-organizers\">\n\n\t\t\n\t\t\t<div class=\"wcorg-organizer\">\n\t\t\t\t<h2>Jessica Lyschik<\/h2>\n\t\t\t\t<div class=\"wcorg-organizer-description\">\n\t\t\t\t\t\t\t\t\t\t<img alt='' src='https:\/\/secure.gravatar.com\/avatar\/eb66d1655187ce7b2e3e22ee93a30d4f9657a505aa4a247c11c67b282164f60a?s=100&#038;d=mm&#038;r=g' srcset='https:\/\/secure.gravatar.com\/avatar\/eb66d1655187ce7b2e3e22ee93a30d4f9657a505aa4a247c11c67b282164f60a?s=200&#038;d=mm&#038;r=g 2x' class='avatar avatar-100 photo' height='100' width='100' \/>\t\t\t\t\t\n<h4 class=\"wp-block-heading\">Kein WordCamp ohne eine Lead-Organisatorin<\/h4>\n\n\n\n<p>Jessica ist selbstst\u00e4ndige <a href=\"https:\/\/jessicalyschik.de\">WordPress Theme-Entwicklerin und WordPress Trainerin<\/a> aus M\u00fcnster. Seit \u00fcber 12 Jahren macht sie mit HTML, CSS und JavaScript funktionale Webseiten f\u00fcr jeden, egal ob Hobby-Blogger, Onlineshop-Betreiber oder internationaler Gro\u00dfkonzern.<\/p>\n\n\n\n<p>Jessica ist der Kopf hinter der <a href=\"https:\/\/gutenberg-fibel.de\">Gutenberg Fibel<\/a>. Als Speakerin hat sie schon auf diversen WordCamps Vortr\u00e4ge gehalten. Sie ist regelm\u00e4\u00dfig auf Meetups unterwegs, manchmal auch mit einem Vortrag. Au\u00dferdem ist sie Mit-Organisatorin des <a href=\"https:\/\/www.meetup.com\/de-DE\/wpmeetup-osnabrueck\/\">WordPress Meetups M\u00fcnster\/Osnabr\u00fcck<\/a>.<\/p>\n\t\t\t\t<\/div>\n\t\t\t<\/div>\n\n\t\t\n\t\t\t<div class=\"wcorg-organizer\">\n\t\t\t\t<h2>Detlef Heese<\/h2>\n\t\t\t\t<div class=\"wcorg-organizer-description\">\n\t\t\t\t\t\t\t\t\t\t<img alt='' src='https:\/\/secure.gravatar.com\/avatar\/731009211a20c6776fd32e2e9fc063a920d7fa8b661cfa843ec6c32c0e807fb7?s=100&#038;d=mm&#038;r=g' srcset='https:\/\/secure.gravatar.com\/avatar\/731009211a20c6776fd32e2e9fc063a920d7fa8b661cfa843ec6c32c0e807fb7?s=200&#038;d=mm&#038;r=g 2x' class='avatar avatar-100 photo' height='100' width='100' \/>\t\t\t\t\t\n<h4 class=\"wp-block-heading\">Danke sagen an die Community<\/h4>\n\n\n\n<p>Vor sechs Jahren gr\u00fcndete Detlef Heese mit Julia Amelung die Osnabr\u00fccker Grafikdesign-Agentur <a aria-label=\"HASEGOLD, (opens in a new tab)\" href=\"https:\/\/hasegold.de\/osnabrueck-wordpress-community-wordcamp-2019\/\" target=\"_blank\" rel=\"noreferrer noopener nofollow\">HASEGOLD,<\/a> die auch unseren WordCamp-Osnabr\u00fcck Auftritt gestaltet. Heese Ist Diplom Designer und hat 30 Jahre Erfahrung in der Medienarbeit.<br><br>Mit der\u00a0Ella-Version begann vor zw\u00f6lf Jahren seine WordPress-Begeisterung \u2013 Mit dem ersten WordCamp Europe in <a href=\"https:\/\/2013.europe.wordcamp.org\" target=\"_blank\" rel=\"noreferrer noopener\" aria-label=\"Leiden (\u00f6ffnet in neuem Tab)\">Leiden<\/a> stieg sein Engagement in die WordPress-Community.<\/p>\n\n\n\n<p>Detlef&nbsp;ist Initiator des&nbsp;<a href=\"https:\/\/www.meetup.com\/de-DE\/wpmeetup-osnabrueck\/\" target=\"_blank\" rel=\"noopener noreferrer\">Meetups in Osnabr\u00fcck-M\u00fcnster.&nbsp;<\/a>Der Ansto\u00df ein WordCamp \u201eIm Gr\u00fcnen\u201c zu machen fruchtete im Team um Sven Wagener zum ersten <a href=\"https:\/\/hasegold.de\/wordcamp-retreat-logo-und-wapuu-soltau-2018\/\" target=\"_blank\" rel=\"noopener nofollow\">WordCamp Retreat<\/a> 2018 in Soltau, was einen nachhaltigen Eindruck hinterlassen hassen hat.<\/p>\n\n\n\n<p>&nbsp;<\/p>\n\t\t\t\t<\/div>\n\t\t\t<\/div>\n\n\t\t\n\t\t\t<div class=\"wcorg-organizer\">\n\t\t\t\t<h2>Hanna Sieverding<\/h2>\n\t\t\t\t<div class=\"wcorg-organizer-description\">\n\t\t\t\t\t\t\t\t\t\t<img alt='' src='https:\/\/secure.gravatar.com\/avatar\/7252141c1eee9efc205490b2c838d7ec55185d616dd5f7033809f7bfc294ae94?s=100&#038;d=mm&#038;r=g' srcset='https:\/\/secure.gravatar.com\/avatar\/7252141c1eee9efc205490b2c838d7ec55185d616dd5f7033809f7bfc294ae94?s=200&#038;d=mm&#038;r=g 2x' class='avatar avatar-100 photo' height='100' width='100' \/>\t\t\t\t\t\n<h4 class=\"wp-block-heading\">Macht was mit Medien \ud83c\udf89<\/h4>\n\n\n\n<p>Hanna arbeitet f\u00fcr einen lokalen Zeitungsverlag und k\u00fcmmert sich dort um verschiedene Medien. Von Anzeigen, \u00fcber Webseiten, bis hin zu Social Media ist alles dabei.<\/p>\n\n\n\n<p>Sie arbeitet seit drei Jahren mit WordPress und ist dank der tollen Community sehr schnell Fan geworden. Man trifft sie regelm\u00e4\u00dfig auf dem &nbsp;<a href=\"https:\/\/www.meetup.com\/de-DE\/wpmeetup-muenster-osnabrueck\/\">Meetup M\u00fcnster \/ Osnabr\u00fcck<\/a> und WordCamps in ganz Deutschland.<\/p>\n\t\t\t\t<\/div>\n\t\t\t<\/div>\n\n\t\t\n\t\t\t<div class=\"wcorg-organizer\">\n\t\t\t\t<h2>Marvin Kronenfeld<\/h2>\n\t\t\t\t<div class=\"wcorg-organizer-description\">\n\t\t\t\t\t\t\t\t\t\t<img alt='' src='https:\/\/secure.gravatar.com\/avatar\/7d8c2f4a5bfe173d0214c11abc4fa6acede46373f041c53d9fbce49c92fd8026?s=100&#038;d=mm&#038;r=g' srcset='https:\/\/secure.gravatar.com\/avatar\/7d8c2f4a5bfe173d0214c11abc4fa6acede46373f041c53d9fbce49c92fd8026?s=200&#038;d=mm&#038;r=g 2x' class='avatar avatar-100 photo' height='100' width='100' \/>\t\t\t\t\t<h4>Entwickler mit Kater \ud83d\udc31<\/h4>\n<p>Marvin arbeitet als Front End Developer f\u00fcr die best it eCommerce solutions group im sch\u00f6nen M\u00fcnsterland. Er spricht flie\u00dfend JavaScript und ist immer f\u00fcr eine BEM-Diskussion zu haben.<\/p>\n<p>Als Teil der WordPress Community ist er regelm\u00e4\u00dfig auf WordCamps und Meetups in ganz Europa anzutreffen. Seine Gedanken zum Thema WordPress ver\u00f6ffentlicht er unregelm\u00e4\u00dfig auf <a href=\"https:\/\/wp-styles.de\">WP-Styles.de<\/a><\/p>\n\t\t\t\t<\/div>\n\t\t\t<\/div>\n\n\t\t\n\t\t\t<div class=\"wcorg-organizer\">\n\t\t\t\t<h2>Leefke Kr\u00f6nke<\/h2>\n\t\t\t\t<div class=\"wcorg-organizer-description\">\n\t\t\t\t\t\t\t\t\t\t<img alt='' src='https:\/\/secure.gravatar.com\/avatar\/3fa4a22e10cebdc52937ad2867c5e7c5d3cf8ba1591e7c63855bf05ba0c871b2?s=100&#038;d=mm&#038;r=g' srcset='https:\/\/secure.gravatar.com\/avatar\/3fa4a22e10cebdc52937ad2867c5e7c5d3cf8ba1591e7c63855bf05ba0c871b2?s=200&#038;d=mm&#038;r=g 2x' class='avatar avatar-100 photo' height='100' width='100' \/>\t\t\t\t\t\n<h4 class=\"wp-block-heading\">WordPress-Themen auf der Spur \ud83d\udd0e<\/h4>\n\n\n\n<p>Als Content Marketing Managerin bei <a href=\"https:\/\/www.raidboxes.de\" rel=\"nofollow\">RAIDBOXES<\/a> ist Leefke immer auf der Suche nach den aktuellsten Themen rund um WordPress. Ihren Bachelor in \u201eInternational Communication and Media\u201c absolvierte die Schleswig-Holsteinerin in den Niederlanden und Schottland.&nbsp;F\u00fcr den Masterstudiengang \u201eStrategische Kommunikation\u201c ging es dann in&#8217;s sch\u00f6ne M\u00fcnster.&nbsp;<\/p>\n\n\n\n<p>Durch ihre T\u00e4tigkeit bei RAIDBOXES ist Leefke Anfang 2017 Hals \u00fcber Kopf in die WordPress Community eingetaucht und f\u00fchlt sich geehrt, heute Teil des #WCOS Orga-Teams zu sein.<\/p>\n\t\t\t\t<\/div>\n\t\t\t<\/div>\n\n\t\t\n\t\t\t<div class=\"wcorg-organizer\">\n\t\t\t\t<h2>Johannes Benz<\/h2>\n\t\t\t\t<div class=\"wcorg-organizer-description\">\n\t\t\t\t\t\t\t\t\t\t<img alt='' src='https:\/\/secure.gravatar.com\/avatar\/77d6278777de4caef58ed45736436420b8dc0e5b14eccee72fe0375ba880fe84?s=100&#038;d=mm&#038;r=g' srcset='https:\/\/secure.gravatar.com\/avatar\/77d6278777de4caef58ed45736436420b8dc0e5b14eccee72fe0375ba880fe84?s=200&#038;d=mm&#038;r=g 2x' class='avatar avatar-100 photo' height='100' width='100' \/>\t\t\t\t\t\n<h4 class=\"wp-block-heading\">WordPress &#8211; Eine Welt aus grenzenlosen Chancen <\/h4>\n\n\n\n<p>Johannes ist das erste Mal in 2013 mit WordPress in Ber\u00fchrung gekommen. WordPress bot damals eine hervorragende M\u00f6glichkeit, um einfach eine Internetagentur f\u00fcr Online Marketing und Webdesign zu gr\u00fcnden.<\/p>\n\n\n\n<p>Im Rahmen seiner Agentur-T\u00e4tigkeit war er auf der Suche nach einem spezialisierten Hosting-Angebot, was ihm die Arbeit der WordPress-Verwaltung abnahm.  Da es kein spezialisiertes Angebot in Deutschland gab, wurde <a href=\"https:\/\/raidboxes.de\/\" rel=\"nofollow\">RAIDBOXES<\/a> ins Leben gerufen.<\/p>\n\n\n\n<p>Sein erstes WordCamp besuchte er in <a href=\"https:\/\/raidboxes.de\/wordcamp-koeln-recap-turn-the-swag-on\/\" rel=\"nofollow\">K\u00f6ln 2016<\/a>, gefolgt von sieben weiteren WordCamps in Spanien, den Niederlanden und Frankreich.  WordCamps sind f\u00fcr ihn eine gro\u00dfartige M\u00f6glichkeit, neue Perspektiven kennen zu lernen und sich mit der Community auszutauschen.  <\/p>\n\n\n\n<p>Eines seiner Lieblingsthemen ist <a href=\"https:\/\/raidboxes.de\/holokratie-starter-kit\/\" rel=\"nofollow\">Holokratie<\/a>, wozu er auch regelm\u00e4\u00dfig Vortr\u00e4ge h\u00e4lt, unter anderem auf dem WordCamp K\u00f6ln in 2017. <\/p>\n\n\n\n<p>WordPress l\u00e4uft auf fast 33% aller Webseiten, mit \u00fcber 55.000 Plugins und mindestens 6.000 Designvorlagen.  Die Geschichte von Johannes zeigt, dass es grenzenlose Chancen bietet, die es zu nutzen gilt!<\/p>\n\n\n\n<p><\/p>\n\t\t\t\t<\/div>\n\t\t\t<\/div>\n\n\t\t\n\t\t\t<div class=\"wcorg-organizer\">\n\t\t\t\t<h2>Daniel H\u00fcsken<\/h2>\n\t\t\t\t<div class=\"wcorg-organizer-description\">\n\t\t\t\t\t\t\t\t\t\t<img alt='' src='https:\/\/secure.gravatar.com\/avatar\/349c4e9c6b38c763eb111c35cdd90670c8b339df4eee5f1cc814e4cea26e3e3b?s=100&#038;d=mm&#038;r=g' srcset='https:\/\/secure.gravatar.com\/avatar\/349c4e9c6b38c763eb111c35cdd90670c8b339df4eee5f1cc814e4cea26e3e3b?s=200&#038;d=mm&#038;r=g 2x' class='avatar avatar-100 photo' height='100' width='100' \/>\t\t\t\t\t\n<h4 class=\"wp-block-heading\">Backup&#8217;s m\u00fcssen sein<\/h4>\n\n\n\n<p>Daniel ist seit 6 Jahren Webentwickler bei <a href=\"https:\/\/inpsyde.com\/\">Inpsyde<\/a>, wo er an Kundenprojekten und Produkten wie <a href=\"https:\/\/backwpup.de\/\">BackWPup<\/a> arbeitet. Die komplett remote arbeitende Agentur entwickelte unter anderem bereits erfolgreich Projekte f\u00fcr SAP, PayPal und Parship.<\/p>\n\n\n\n<p>Daniel ist in der WordPress Community sehr aktiv. So kann man ihn regelm\u00e4\u00dfig auf WordCamps oder beim WordPress Meetup Osnabr\u00fcck\/M\u00fcnster treffen dessen Mitgr\u00fcnder er ist. Auch bei der <a href=\"https:\/\/www.meetup.com\/de-DE\/phpugms\/\">PHP Usergroup M\u00fcnster<\/a> ist er regelm\u00e4\u00dfiger Teilnehmer. Bevor er Webentwickler &nbsp;wurde, war er als IT-Techniker t\u00e4tig. Damals wie heute ist Webentwicklung mit PHP Daniels Leidenschaft.<\/p>\n\t\t\t\t<\/div>\n\t\t\t<\/div>\n\n\t\t\n\t\t\t<div class=\"wcorg-organizer\">\n\t\t\t\t<h2>Matthias Kurz<\/h2>\n\t\t\t\t<div class=\"wcorg-organizer-description\">\n\t\t\t\t\t\t\t\t\t\t<img alt='' src='https:\/\/secure.gravatar.com\/avatar\/b93a8cdf901edb0712ed132a6da23a7a54926c61db626c9467c8e69e5e91013e?s=100&#038;d=mm&#038;r=g' srcset='https:\/\/secure.gravatar.com\/avatar\/b93a8cdf901edb0712ed132a6da23a7a54926c61db626c9467c8e69e5e91013e?s=200&#038;d=mm&#038;r=g 2x' class='avatar avatar-100 photo' height='100' width='100' \/>\t\t\t\t\t\n<h4 class=\"wp-block-heading\">Kurz berichtet<\/h4>\n\n\n\n<p>Der ausgebildete IT-Projektleiter hat vor einigen Jahren seine Leidenschaft zum Beruf gemacht. Sagte man ihm immer schon eine ausgesprochene Leidenschaft zu Pinguinen und angebissenen \u00c4pfeln nach, kam irgendwann die Begeisterung f\u00fcr WordPress noch dazu.<\/p>\n\n\n\n<p>Mit WordPress kam Matthias im Jahr 2007 in Ber\u00fchrung. Damals noch als Redakteur f\u00fcr einen gr\u00f6\u00dferen, deutschen Technikblog aktiv, intensivierte er nach und nach seine Arbeit mit WordPress. Anfang 2016 ist er auf die WordPress Community aufmerksam geworden und engagiert sich seither in der Organisation der Meetups&nbsp;<a href=\"https:\/\/www.meetup.com\/de-DE\/WordPress-Meetup-Bonn-wpbn\/\">Bonn<\/a>, <a href=\"https:\/\/www.meetup.com\/de-DE\/WordPress-Meetup-Dortmund\/\">Dortmund<\/a>&nbsp;und&nbsp;<a href=\"https:\/\/www.meetup.com\/de-DE\/WordPress-Meetup-Koblenz\/\">Koblenz<\/a>&nbsp;sowie der WordCamps in&nbsp;<a href=\"https:\/\/2017.bern.wordcamp.org\/\">Bern<\/a>,&nbsp;<a href=\"https:\/\/2017.cologne.wordcamp.org\/\">K\u00f6ln<\/a>, <a href=\"https:\/\/2018-soltau.retreat.wordcamp.org\/\">Soltau<\/a> und hier in Osnabr\u00fcck.<\/p>\n\n\n\n<p>Matthias ist Gr\u00fcnder und Gesch\u00e4ftsf\u00fchrer des auf WordPress Hosting spezialisierten Anbieters <a href=\"https:\/\/wp-projects.de\" rel=\"nofollow\">WP-Projects<\/a>. Mit seinem Unternehmen bietet er professionelle und individuell zugeschnittene Hosting-Dienstleistungen f\u00fcr erfolgreiche WordPress-Projekte an.<\/p>\n\t\t\t\t<\/div>\n\t\t\t<\/div>\n\n\t\t\n\t\t\t<div class=\"wcorg-organizer\">\n\t\t\t\t<h2>Torsten Bulk<\/h2>\n\t\t\t\t<div class=\"wcorg-organizer-description\">\n\t\t\t\t\t\t\t\t\t\t<img alt='' src='https:\/\/secure.gravatar.com\/avatar\/4a0b8b1e85d415a08190bc732bfd3a11e108433a7b0a4f39f91a8728f5830d8e?s=100&#038;d=mm&#038;r=g' srcset='https:\/\/secure.gravatar.com\/avatar\/4a0b8b1e85d415a08190bc732bfd3a11e108433a7b0a4f39f91a8728f5830d8e?s=200&#038;d=mm&#038;r=g 2x' class='avatar avatar-100 photo' height='100' width='100' \/>\t\t\t\t\t\n<h4 class=\"wp-block-heading\">Immer wieder neu begeistert von der Community \ud83d\ude4c\ud83c\udffb<\/h4>\n\n\n\n<p>Torsten ist Head of Marketing bei <a href=\"https:\/\/bulkpartner.net\"> bulk&amp;partner<\/a> in Moraira an der n\u00f6rdlichen Costa Blanca (Spanien) und arbeitet zum Teil remote. Seine Welt dort sind das Marketing und die Website, die nat\u00fcrlich auf WordPress basiert.<\/p>\n\n\n\n<p>Man trifft ihn regelm\u00e4\u00dfig bei WordPress Meetups in <a href=\"https:\/\/www.meetup.com\/de-DE\/wpmeetup-osnabrueck\/\" target=\"_blank\" rel=\"noopener noreferrer\">Osnabr\u00fcck und M\u00fcnster<\/a>, als Gast in anderen St\u00e4dten und auf diversen WordCamps.<\/p>\n\n\n\n<p>Er engagiert sich sehr aktiv in der WordPress Community z.B. beim Organisieren des <a rel=\"noopener noreferrer\" href=\"https:\/\/2019.osnabrueck.wordcamp.org\" target=\"_blank\">WordCamp Osnabr\u00fcck 2019<\/a> und des WordCamp Retreat Soltau 2020, ist Mitveranstalter des WordPress Meetups <a rel=\"noreferrer noopener\" href=\"https:\/\/www.meetup.com\/de-DE\/wpmeetup-osnabrueck\/\" target=\"_blank\">Osnabr\u00fcck und M\u00fcnster<\/a> und hilft als Contributor + Editor beim \u00dcbersetzen von Plugins wie <a rel=\"noopener noreferrer\" href=\"https:\/\/de.wordpress.org\/plugins\/wp-google-maps\/\" target=\"_blank\">WP Google Maps<\/a> und <a rel=\"noopener noreferrer\" href=\"https:\/\/de.wordpress.org\/plugins\/wordpress-seo\/\" target=\"_blank\">Yoast SEO Premium<\/a>.<\/p>\n\t\t\t\t<\/div>\n\t\t\t<\/div>\n\n\t\t\n\t\t\t<div class=\"wcorg-organizer\">\n\t\t\t\t<h2>Janin Arntzen<\/h2>\n\t\t\t\t<div class=\"wcorg-organizer-description\">\n\t\t\t\t\t\t\t\t\t\t<img alt='' src='https:\/\/secure.gravatar.com\/avatar\/39b2d0902a0127f43d0b3dfab924375dad345d04d4d0fa20f50d424f112a5e50?s=100&#038;d=mm&#038;r=g' srcset='https:\/\/secure.gravatar.com\/avatar\/39b2d0902a0127f43d0b3dfab924375dad345d04d4d0fa20f50d424f112a5e50?s=200&#038;d=mm&#038;r=g 2x' class='avatar avatar-100 photo' height='100' width='100' \/>\t\t\t\t\t\n<h4 class=\"wp-block-heading\">Kreatives Energieb\u00fcndel<\/h4>\n\n\n\n<p> Immer dem Licht im Objektiv auf der Spur und mit einem Notizbuch voller Ideen, ist Janin zwischen den St\u00e4dten Melle, M\u00fcnster und Osnabr\u00fcck unterwegs. Sie arbeitet als Webdesignerin bei einer Kommune und ist seit 2014 als <a href=\"https:\/\/janinarntzen.de\/\">Mediengestalterin und Fotografin<\/a> selbstst\u00e4ndig. <\/p>\n\n\n\n<p> Seit vier Jahren besch\u00e4ftigt sie sich mit WordPress und ist beim\u00a0<a href=\"https:\/\/www.meetup.com\/de-DE\/wpmeetup-muenster-osnabrueck\/\">Meetup M\u00fcnster \/ Osnabr\u00fcck<\/a>\u00a0aktiv. Am liebsten erz\u00e4hlt sie Geschichten mit ihrer Kamera, egal ob digital oder analog. <\/p>\n\n\n\n<p><\/p>\n\t\t\t\t<\/div>\n\t\t\t<\/div>\n\n\t\t\n\t\t\t<div class=\"wcorg-organizer\">\n\t\t\t\t<h2>Daniel Stanitzek<\/h2>\n\t\t\t\t<div class=\"wcorg-organizer-description\">\n\t\t\t\t\t\t\t\t\t\t<img alt='' src='https:\/\/secure.gravatar.com\/avatar\/40af19eb60d439520ca7cda57ff6d9e8cd7aa103477e40de5c381eccccf97f5a?s=100&#038;d=mm&#038;r=g' srcset='https:\/\/secure.gravatar.com\/avatar\/40af19eb60d439520ca7cda57ff6d9e8cd7aa103477e40de5c381eccccf97f5a?s=200&#038;d=mm&#038;r=g 2x' class='avatar avatar-100 photo' height='100' width='100' \/>\t\t\t\t\t\t\t\t\t<\/div>\n\t\t\t<\/div>\n\n\t\t\n\t<\/div><!-- .wcorg-organizers -->\n\t<\/span>\n","protected":false},"excerpt":{"rendered":"<p>Das Organisatorenteam Unser Herz schl\u00e4gt f\u00fcr die WordPress Community! Janin Arntzen&nbsp;k\u00fcmmert&nbsp;sichum&nbsp;Venue, Food, Party und Travel Vorstellung des Orgateams<\/p>\n","protected":false},"author":13744016,"featured_media":0,"parent":0,"menu_order":0,"comment_status":"closed","ping_status":"closed","template":"","meta":{"jetpack_post_was_ever_published":false,"footnotes":""},"class_list":["post-12","page","type-page","status-publish","hentry"],"jetpack_sharing_enabled":true,"jetpack_shortlink":"https:\/\/wp.me\/PaiD6O-c","_links":{"self":[{"href":"https:\/\/osnabrueck.wordcamp.org\/2019\/wp-json\/wp\/v2\/pages\/12","targetHints":{"allow":["GET"]}}],"collection":[{"href":"https:\/\/osnabrueck.wordcamp.org\/2019\/wp-json\/wp\/v2\/pages"}],"about":[{"href":"https:\/\/osnabrueck.wordcamp.org\/2019\/wp-json\/wp\/v2\/types\/page"}],"author":[{"embeddable":true,"href":"https:\/\/osnabrueck.wordcamp.org\/2019\/wp-json\/wp\/v2\/users\/13744016"}],"replies":[{"embeddable":true,"href":"https:\/\/osnabrueck.wordcamp.org\/2019\/wp-json\/wp\/v2\/comments?post=12"}],"version-history":[{"count":25,"href":"https:\/\/osnabrueck.wordcamp.org\/2019\/wp-json\/wp\/v2\/pages\/12\/revisions"}],"predecessor-version":[{"id":1573,"href":"https:\/\/osnabrueck.wordcamp.org\/2019\/wp-json\/wp\/v2\/pages\/12\/revisions\/1573"}],"wp:attachment":[{"href":"https:\/\/osnabrueck.wordcamp.org\/2019\/wp-json\/wp\/v2\/media?parent=12"}],"curies":[{"name":"wp","href":"https:\/\/api.w.org\/{rel}","templated":true}]}}