{"id":1164,"date":"2019-01-10T16:07:32","date_gmt":"2019-01-10T15:07:32","guid":{"rendered":"https:\/\/2019.osnabrueck.wordcamp.org\/?page_id=1164"},"modified":"2019-03-22T12:41:51","modified_gmt":"2019-03-22T11:41:51","slug":"workshop-uebersicht","status":"publish","type":"page","link":"https:\/\/osnabrueck.wordcamp.org\/2019\/workshop-uebersicht\/","title":{"rendered":"Workshop \u00dcbersicht"},"content":{"rendered":"\n<div class=\"wp-block-media-text alignwide has-media-on-the-right is-stacked-on-mobile custom-banner custom-banner--image-last\"><figure class=\"wp-block-media-text__media\"><img data-recalc-dims=\"1\" loading=\"lazy\" decoding=\"async\" width=\"525\" height=\"293\" src=\"https:\/\/i0.wp.com\/2019.osnabrueck.wordcamp.org\/files\/2019\/03\/waehle-deinen-1024x572.jpg?resize=525%2C293&#038;ssl=1\" alt=\"\" class=\"wp-image-2992\" srcset=\"https:\/\/i0.wp.com\/osnabrueck.wordcamp.org\/2019\/files\/2019\/03\/waehle-deinen.jpg?resize=1024%2C572&amp;ssl=1 1024w, https:\/\/i0.wp.com\/osnabrueck.wordcamp.org\/2019\/files\/2019\/03\/waehle-deinen.jpg?resize=300%2C168&amp;ssl=1 300w, https:\/\/i0.wp.com\/osnabrueck.wordcamp.org\/2019\/files\/2019\/03\/waehle-deinen.jpg?resize=768%2C429&amp;ssl=1 768w, https:\/\/i0.wp.com\/osnabrueck.wordcamp.org\/2019\/files\/2019\/03\/waehle-deinen.jpg?resize=500%2C279&amp;ssl=1 500w, https:\/\/i0.wp.com\/osnabrueck.wordcamp.org\/2019\/files\/2019\/03\/waehle-deinen.jpg?w=1749&amp;ssl=1 1749w, https:\/\/i0.wp.com\/osnabrueck.wordcamp.org\/2019\/files\/2019\/03\/waehle-deinen.jpg?w=1575&amp;ssl=1 1575w\" sizes=\"auto, (max-width: 767px) 89vw, (max-width: 1000px) 54vw, (max-width: 1071px) 543px, 580px\" \/><\/figure><div class=\"wp-block-media-text__content\">\n<p class=\"subheadline\">W\u00e4hle aus 8 spannenden Workshops<\/p>\n\n\n\n<h2 class=\"wp-block-heading\">Du hast die <br>Qual der Wahl<\/h2>\n\n\n\n<p>Wir freuen uns \u00fcber die zahlreichen<br>Workshop-Einreichungen. Die finale Auswahl steht:<br><\/p>\n\n\n\n<p><strong>Bei der Anmeldung am Samstag<\/strong> kannst du dich noch f\u00fcr einzelne Workshops anmelden.<\/p>\n\n\n\n<p><strong>Johannes Benz<\/strong> engagiert sich in unserem <br>Orgateam f\u00fcr den Ablauf der Workshops<\/p>\n<\/div><\/div>\n\n\n\n<h2 class=\"wp-block-heading\">So funktioniert die Workshop-Anmeldung<\/h2>\n\n\n\n<p>Wir sind begeistert \u00fcber die vielen Themen-Einreichungen und freuen uns, euch die ausgew\u00e4hlten 8 Workshop-Themen f\u00fcr das WCOS vorzustellen.<\/p>\n\n\n\n<p>Eine Workshop Anmeldung \u00fcber das Formular ist nicht mehr m\u00f6glich. Bei der Anmeldung kannst du dich noch f\u00fcr einzelne Workshops eintragen, sofern noch freie Pl\u00e4tze verf\u00fcgbar sind.<\/p>\n\n\n\n<p>&#8212;&#8212;&#8212;&#8212;&#8212;&#8212;&#8212;&#8212;&#8212;&#8212;&#8212;&#8212;&#8212;&#8212;&#8212;&#8212;&#8212;&#8212;&#8212;&#8212;&#8212;&#8212;&#8212;&#8212;&#8212;&#8212;&#8212;&#8212;&#8212;&#8212;&#8212;&#8212;&#8212;<\/p>\n\n\n\n<p>We are excited about the many submissions and are pleased to present the 8 selected workshop topics for the WCOS.<\/p>\n\n\n\n<p>Online application is not possible anymore. You can register at the registration desk for free slots.<strong>I<\/strong><br><\/p>\n\n\n\n<div style=\"height:100px\" aria-hidden=\"true\" class=\"wp-block-spacer\"><\/div>\n\n\n\n<h2 class=\"wp-block-heading\">Samstag \/\/ 23. M\u00e4rz<\/h2>\n\n\n\n<h4 class=\"wp-block-heading\"><strong><a href=\"https:\/\/2019.osnabrueck.wordcamp.org\/session\/workshop-1\">Workshop 1: Gutenberg blocks development for programmers with NO time<\/a><\/strong><\/h4>\n\n\n\n<h4 class=\"wp-block-heading\"><strong><a href=\"https:\/\/profiles.wordpress.org\/mgelves\">Maurico Gelves<\/a><\/strong><\/h4>\n\n\n\n<p><strong>Uhrzeit: 10:30 &#8211; 12:30<\/strong><br><\/p>\n\n\n\n<p><strong>Goal:<\/strong> The goal is to show to developers that they DON&#8217;T need to know deep knowledges in Javascript, React, Webpack and other technologies in order to create Gutenberg Blocks. Just with simple PHP, HTML &amp; CSS we can build whatever we want, just like we did over these 15 years.<\/p>\n\n\n\n<p><strong>Category:<\/strong> Development<\/p>\n\n\n\n<p><strong>Target group:<\/strong> Developers<br><\/p>\n\n\n\n<p><strong>Description:<\/strong> My prayers were heard. I knew that sooner or later the WordPress Community would create a software to ease the creation of Gutenberg Blocks. Elliot Condon and his team, from the well known ACF plugin, were responsible for this miracle that has saved me lot and lot of hours of work in my projects.<\/p>\n\n\n\n<p>Come to this workshop and see how easy is to implement them and be proud to call yourself a Gutenberg Block Developer.<br><\/p>\n\n\n\n<p><strong>Participant requirements:<\/strong> Basic knowledge on PHP and WordPress basic development.<\/p>\n\n\n\n<p><strong>Technical requirements:<\/strong> They need to have a laptop and a local environment (Docker, MAMP\/LAMP, etc). I will provide access to plugin we&#8217;ll need.<\/p>\n\n\n\n<div style=\"height:50px\" aria-hidden=\"true\" class=\"wp-block-spacer\"><\/div>\n\n\n\n<h4 class=\"wp-block-heading\"><strong><a href=\"https:\/\/2019.osnabrueck.wordcamp.org\/session\/workshop-2\">Workshop 2: Vertragsrecht f\u00fcr Webworker<\/a><\/strong><\/h4>\n\n\n\n<h4 class=\"wp-block-heading\"><a href=\"https:\/\/profiles.wordpress.org\/praetorim\/\">Udo Meisen<\/a><\/h4>\n\n\n\n<p><strong>Uhrzeit: 10:30 &#8211; 12:30<\/strong><br><\/p>\n\n\n\n<p><strong>Ziel:<\/strong> Vermittlung von Rechtskenntnissen f\u00fcr die eigene Gesch\u00e4ftst\u00e4tigkeit.<\/p>\n\n\n\n<p><strong>Kategorie:<\/strong> Recht<\/p>\n\n\n\n<p><strong>Zielgruppe:<\/strong> Webworker \/ Freelancer<br><\/p>\n\n\n\n<p><strong>Beschreibung:<\/strong>  Der Workshop soll ein \u00dcberblick geben und Fragen kl\u00e4ren, worauf Webworker bei Vertr\u00e4gen mit ihren Kunden, Lieferanten, Agenturen und Vermittlern achten m\u00fcssen.<\/p>\n\n\n\n<p><strong>Voraussetzungen der Teilnehmer:<\/strong> keine<\/p>\n\n\n\n<p><strong>Technische Voraussetzungen:<\/strong> keine<br><\/p>\n\n\n\n<div style=\"height:100px\" aria-hidden=\"true\" class=\"wp-block-spacer\"><\/div>\n\n\n\n<h4 class=\"wp-block-heading\"><strong><a href=\"https:\/\/2019.osnabrueck.wordcamp.org\/session\/workshops-3\/\">Workshop 3: SEO richtig \u201everwursten\u201c \u2013 Wie sich \u00fcberlegter Content langfristig bezahlt macht<\/a><\/strong><\/h4>\n\n\n\n<h4 class=\"wp-block-heading\">Roland Schwarz &amp; Detlef Heese<\/h4>\n\n\n\n<p><strong>Uhrzeit: 13:30 &#8211; 15:30<\/strong><br><\/p>\n\n\n\n<p><strong>Ziel:<\/strong> Besserer Umgang mit SEO f\u00fcr die eigene oder die Kundenwebseite<\/p>\n\n\n\n<p><strong>Kategorie:<\/strong> SEO<\/p>\n\n\n\n<p><strong>Zielgruppe:<\/strong> SEO-Anf\u00e4nger<br><\/p>\n\n\n\n<p><strong>Beschreibung:<\/strong> Der Workshop-Teilnehmer soll die \u201eMagie\u201c von SEO mit nach Hause nehmen. <br><\/p>\n\n\n\n<ul class=\"wp-block-list\"><li>Wie wirkt die Suchmaschinen-Optimierung an einem realen WordPress-Beitrag?<\/li><li>Wonach sollte man seinen Strategie ausrichten?<\/li><li>Wie geht das mit einem SEO-Tool?<\/li><li>Wie denkt man redaktionell?<\/li><li>SEO-Titel, Meta-Beschreibung, h1,h2,h3 und Alt-Texte sind wichtig und wir spielen damit<\/li><li>Jeder Workshop-Teilnehmer optimiert einen Text auf SEO (alleine oder im Team)<\/li><\/ul>\n\n\n\n<p><strong>Voraussetzungen der Teilnehmer:<\/strong> WordPress-Begeisterung<\/p>\n\n\n\n<p><strong>Technische Voraussetzungen:<\/strong> Bitte den Laptop mitbringen <br><\/p>\n\n\n\n<p><br><\/p>\n\n\n\n<h4 class=\"wp-block-heading\"><strong><a href=\"https:\/\/2019.osnabrueck.wordcamp.org\/session\/workshop-4\/\">Workshop 4: WordPress als Marketing Maschine<\/a><\/strong><\/h4>\n\n\n\n<h4 class=\"wp-block-heading\"><a href=\"https:\/\/profiles.wordpress.org\/stk_jj\/\">Stefan Kremer, <\/a><a href=\"https:\/\/profiles.wordpress.org\/webzunft\/\">Thomas Maier<\/a><\/h4>\n\n\n\n<p><strong>Uhrzeit: 13:30 &#8211; 15:30<\/strong><br><\/p>\n\n\n\n<p><strong>Ziel:<\/strong> Aufbau einer Instanz, die du im Nachgang mit individuellen Inhalten bef\u00fcllen kannst<\/p>\n\n\n\n<p><strong>Kategorie:<\/strong> Online Marketing<\/p>\n\n\n\n<p><strong>Zielgruppe:<\/strong> Blogger an der Schwelle zur Monetarisierung<br><\/p>\n\n\n\n<p><strong>Workshop Beschreibung:<\/strong> Erstellung einer WordPress Instanz, auf der<\/p>\n\n\n\n<ul class=\"wp-block-list\"><li>Drittinhalte aggregiert<\/li><li>redaktionelle Vorarbeiten geleistet <\/li><li>Beitr\u00e4ge crossgepostet <\/li><li>Suchmaschinen gerecht aufbereitet und<\/li><li>Werbeeinnahmen generiert <\/li><\/ul>\n\n\n\n<p>werden k\u00f6nnen.<\/p>\n\n\n\n<p><strong>Voraussetzungen der Teilnehmer:<\/strong> Bestehender Blog oder Vorbereitungen dazu &#8211; Anf\u00e4nger (non-blutig) tauglich<\/p>\n\n\n\n<p><strong>Technische Voraussetzung:<\/strong> Installierte WordPress Blanko Instanz auf eigenem Hosting (nicht <a href=\"http:\/\/wordpress.com\/\">wordpress.com<\/a>!)<br><\/p>\n\n\n\n<p><br><\/p>\n\n\n\n<h4 class=\"wp-block-heading\"><strong><a href=\"https:\/\/2019.osnabrueck.wordcamp.org\/session\/workshop-5\/\">Workshop 5: Accessibility testing, tools and workflow<\/a><\/strong><\/h4>\n\n\n\n<h4 class=\"wp-block-heading\"><a href=\"https:\/\/profiles.wordpress.org\/rianrietveld\/\">Rian Rietveld<\/a><\/h4>\n\n\n\n<p><strong>Time: 16:00 &#8211; 18:00<\/strong><br><\/p>\n\n\n\n<p><strong>Goal:<\/strong> You as a developer will learn how to test your work for accessibility issues.<\/p>\n\n\n\n<p><strong>Category:<\/strong> Development<\/p>\n\n\n\n<p><strong>Target group:<\/strong> Frontend Developers<br><\/p>\n\n\n\n<p><strong>Description:<\/strong> If you are a frontend developer you need to test your work for accessibility errors, but how to do this and what guidelines to follow?<br><\/p>\n\n\n\n<p>In this workshop Rian will give you an overview of useful hands-on test tools, how to use them and how to integrate accessibility testing in your workflow.<br><\/p>\n\n\n\n<p>Also you will get examples of additional testing that can\u2019t be automated, like using your site with only keyboard.<br><\/p>\n\n\n\n<p><strong>Participant requirements:<\/strong> Attendees must know English and bring a laptop.<\/p>\n\n\n\n<p><strong>Technical requirements:<\/strong> Attendees must know English and be familiar with frontend development<\/p>\n\n\n\n<p><br><\/p>\n\n\n\n<h4 class=\"wp-block-heading\"><strong><a href=\"https:\/\/2019.osnabrueck.wordcamp.org\/session\/workshop-6\/\">Workshop 6: (Re-)Launch: Konzeption &amp; Planung deiner n\u00e4chsten Website<\/a><\/strong><\/h4>\n\n\n\n<h4 class=\"wp-block-heading\"><a href=\"https:\/\/profiles.wordpress.org\/reimark\/\"><strong>Reimar Kosack<\/strong><\/a><\/h4>\n\n\n\n<p><strong>Ziel:<\/strong> Du bist in der Lage deutlich bessere Fragen zu stellen, um deinen (Re-)Launch zu planen!<\/p>\n\n\n\n<p><strong>Uhrzeit: 16:00 &#8211; 18:00<\/strong><br><\/p>\n\n\n\n<p><strong>Kategorie:<\/strong> Business<\/p>\n\n\n\n<p><strong>Zielgruppe:<\/strong> Webseiten-Anf\u00e4nger<br><\/p>\n\n\n\n<p><strong>Workshop Beschreibung:<\/strong> Immer wieder sehen wir bei Meetups, dass viele Besucher sich mit Ihrer Website einen &#8222;Wunsch&#8220; f\u00fcr Ihr neues Business erf\u00fcllen wollen.<br><\/p>\n\n\n\n<p>Dann ist oft die erste Frage: &#8222;Welches Theme nehme ich? Welche PlugIns?&#8220;.<\/p>\n\n\n\n<p>Hier setze ich an und versuche direkt erstmal die wichtigen konzeptionellen Fragen zu beantworten. <br><\/p>\n\n\n\n<ul class=\"wp-block-list\"><li>Was ist mein Produkt? Wie sieht der Wettbewerb aus? <\/li><li>Wartet jemand &#8222;im Markt&#8220; auf mein Produkt? <\/li><li>Wie geht das mit &#8222;diesem SEO&#8220; ;-)?<\/li><\/ul>\n\n\n\n<p>&#8230; und dann irgendwann reden wir \u00fcber Technik ;-)!<br><\/p>\n\n\n\n<p>Das ist alles ziemlich viel &#8222;Tobak&#8220;, darum wird dieser Workshops interaktiv gestaltet und soll den Besuchern die M\u00f6glichkeit bieten sich in der Gruppe auszutauschen. Ich biete hier ein Ger\u00fcst und sehr viel Erfahrung im Umgang mit Gruppendynamiken.<\/p>\n\n\n\n<p><strong>Voraussetzungen der Teilnehmer:<\/strong> Gerne Anf\u00e4nger <\/p>\n\n\n\n<p><strong>Technische Voraussetzungen:<\/strong> Keine<\/p>\n\n\n\n<div style=\"height:100px\" aria-hidden=\"true\" class=\"wp-block-spacer\"><\/div>\n\n\n\n<h2 class=\"wp-block-heading\" id=\"mce_20\">Sonntag \/\/ 24. M\u00e4rz<\/h2>\n\n\n\n<h4 class=\"wp-block-heading\"><strong><a href=\"https:\/\/2019.osnabrueck.wordcamp.org\/session\/workshop-7\/\">Workshop 7: Health Check: Performance and Security<\/a><\/strong><\/h4>\n\n\n\n<h4 class=\"wp-block-heading\">Michael H\u00f6rnlimann<\/h4>\n\n\n\n<p><strong>Uhrzeit: 10:30 &#8211; 12:30<\/strong><\/p>\n\n\n\n<p><strong>Ziel:<\/strong> Du wei\u00dft danach, an welchen Schrauben gedreht werden muss, um deine Website zu verbessern.<\/p>\n\n\n\n<p><strong>Kategorie:<\/strong> Business<\/p>\n\n\n\n<p><strong>Zielgruppe:<\/strong> F\u00fcr alle Website-Inhaber und\/oder -Betreuer.<br><\/p>\n\n\n\n<p><strong>Beschreibung:<\/strong> Wie der Titel bereits andeutet, k\u00f6nnen die Teilnehmer meines Workshops lernen, wie sie mit einfachen Mitteln ihre Website optimieren k\u00f6nnen. Nicht nur was die Geschwindigkeit und damit SEO betrifft, sondern auch bez\u00fcglich Security (Themes, Plugins, SSL, usw.).<br><\/p>\n\n\n\n<p><strong>Voraussetzungen der Teilnehmer:<\/strong> Keine.<\/p>\n\n\n\n<p><strong>Technische Voraussetzungen:<\/strong> Keine.<\/p>\n\n\n\n<p><br><\/p>\n\n\n\n<h4 class=\"wp-block-heading\"><strong><a href=\"https:\/\/2019.osnabrueck.wordcamp.org\/session\/workshop-8\/\">Workshop 8: Gamifizierung mit WordPress &#8211; Eine Einf\u00fchrung<\/a><\/strong><\/h4>\n\n\n\n<h4 class=\"wp-block-heading\"><a href=\"https:\/\/profiles.wordpress.org\/fstaude\/\">Frank Neumann-Staude<\/a>, <a href=\"https:\/\/profiles.wordpress.org\/carfis\/\">Carlos Fischer Fern\u00e1ndez<\/a><\/h4>\n\n\n\n<p><strong>Uhrzeit: 13:30 &#8211; 15:30<\/strong><\/p>\n\n\n\n<p><strong>Ziel:<\/strong> Grundverst\u00e4ndnis von Gamification. Kenntnis der wichtigsten Plugins f\u00fcr WordPress. Aufbau einer gamifizierten WordPress Webseite.<\/p>\n\n\n\n<p><strong>Kategorie:<\/strong> Content<\/p>\n\n\n\n<p><strong>Zielgruppe:<\/strong> An Gamification Interessierte, Content-Erstellende, Konzepter<br><\/p>\n\n\n\n<p><strong>Beschreibung:<\/strong> Die meisten Menschen sind seit jeher auf Wettbewerb mit anderen Individuen ausgelegt. Daher wundert es nicht, dass Menschen gern solche T\u00e4tigkeiten vollf\u00fchren, bei denen sie sich mit anderen messen k\u00f6nnen. Bisher kannte man solchen Wettbewerb jedoch haupts\u00e4chlich in Spielen oder sportlichen Wettk\u00e4mpfen. Doch immer mehr wird dieser motivationssteigernde Mechanismus auch in anderen Kontexten eingesetzt.<br><\/p>\n\n\n\n<p>Gamification bedeutet, die Besucher der eigenen Website, \u00fcber die Vergabe von Punkten f\u00fcr das erfolgreiche Absolvieren bestimmter Aufgaben zu belohnen und \u00fcber den Wettstreitaspekt und Konkurrenz mit den anderen Besuchern, zu einer h\u00f6heren Aktivit\u00e4t zu animieren.<br><\/p>\n\n\n\n<p>Nach einer kurzen Einf\u00fchrung in das Thema und dem kennenlernen der wichtigsten WordPress Plugins daf\u00fcr, bauen wir eine Webseite mit WordPress auf, die den Inhalt gamifiziert.<br><\/p>\n\n\n\n<p>Dazu verwenden wir folgende Plugins:<\/p>\n\n\n\n<ul class=\"wp-block-list\"><li>GamiPress Plugin<\/li><li>H5P<\/li><li>Contact Form 7<\/li><li>Andere GamiPress Erweiterungen<\/li><\/ul>\n\n\n\n<p><strong>Voraussetzungen der Teilnehmer:<\/strong> Kenntnisse im Backend von WordPress <\/p>\n\n\n\n<p><strong>Technische Voraussetzungen:<\/strong> Laptop zum arbeiten. Lokales (Laptop) oder auf dem Server installiertes WordPress. Wir stellen kurz vor dem WordCamp ein entsprechendes Backup einer Seite bereit, welches bitte verwendet wird. Dort sind alle Plugins bereits installiert und entsprechender Content vorbereitet.<\/p>\n\n\n\n<p><br><\/p>\n\n\n\n<div style=\"height:70px\" aria-hidden=\"true\" class=\"wp-block-spacer\"><\/div>\n\n\n\n<div class=\"wp-block-media-text alignwide is-stacked-on-mobile custom-banner custom-banner--image-last\"><figure class=\"wp-block-media-text__media\"><img data-recalc-dims=\"1\" loading=\"lazy\" decoding=\"async\" width=\"525\" height=\"293\" src=\"https:\/\/i0.wp.com\/2019.osnabrueck.wordcamp.org\/files\/2019\/03\/Hanna-Geschmack-Workshop-Kopie-2-1024x572.jpg?resize=525%2C293&#038;ssl=1\" alt=\"\" class=\"wp-image-2983\" srcset=\"https:\/\/i0.wp.com\/osnabrueck.wordcamp.org\/2019\/files\/2019\/03\/Hanna-Geschmack-Workshop-Kopie-2.jpg?resize=1024%2C572&amp;ssl=1 1024w, https:\/\/i0.wp.com\/osnabrueck.wordcamp.org\/2019\/files\/2019\/03\/Hanna-Geschmack-Workshop-Kopie-2.jpg?resize=300%2C168&amp;ssl=1 300w, https:\/\/i0.wp.com\/osnabrueck.wordcamp.org\/2019\/files\/2019\/03\/Hanna-Geschmack-Workshop-Kopie-2.jpg?resize=768%2C429&amp;ssl=1 768w, https:\/\/i0.wp.com\/osnabrueck.wordcamp.org\/2019\/files\/2019\/03\/Hanna-Geschmack-Workshop-Kopie-2.jpg?resize=500%2C279&amp;ssl=1 500w, https:\/\/i0.wp.com\/osnabrueck.wordcamp.org\/2019\/files\/2019\/03\/Hanna-Geschmack-Workshop-Kopie-2.jpg?w=1749&amp;ssl=1 1749w, https:\/\/i0.wp.com\/osnabrueck.wordcamp.org\/2019\/files\/2019\/03\/Hanna-Geschmack-Workshop-Kopie-2.jpg?w=1575&amp;ssl=1 1575w\" sizes=\"auto, (max-width: 767px) 89vw, (max-width: 1000px) 54vw, (max-width: 1071px) 543px, 580px\" \/><\/figure><div class=\"wp-block-media-text__content\">\n<p class=\"subheadline\">8 spannende Workshops<\/p>\n\n\n\n<h2 class=\"wp-block-heading\">Du hast die Wahl<\/h2>\n\n\n\n<p>Workshops sind eine gro\u00dfartige M\u00f6glichkeit, tiefer in ein Thema einzutauchen als es in den regul\u00e4ren BarCamp-Sessions m\u00f6glich ist.<\/p>\n\n\n\n<p><strong>Hanna Sieverding<\/strong> k\u00fcmmert sich zusammen <br>mit Johannes um die Workshop-Organisation<\/p>\n\n\n\n<p><br><\/p>\n<\/div><\/div>\n","protected":false},"excerpt":{"rendered":"<p>W\u00e4hle aus 8 spannenden Workshops Du hast die Qual der Wahl Wir freuen uns \u00fcber die zahlreichenWorkshop-Einreichungen. Die finale Auswahl steht: Bei der Anmeldung am Samstag kannst du dich noch f\u00fcr einzelne Workshops anmelden. Johannes Benz engagiert sich in unserem Orgateam f\u00fcr den Ablauf der Workshops So funktioniert die Workshop-Anmeldung Wir sind begeistert \u00fcber die &hellip; <\/p>\n<p class=\"link-more\"><a href=\"https:\/\/osnabrueck.wordcamp.org\/2019\/workshop-uebersicht\/\" class=\"more-link\"><span class=\"screen-reader-text\">\u201eWorkshop \u00dcbersicht\u201c<\/span> weiterlesen<\/a><\/p>\n","protected":false},"author":13328835,"featured_media":0,"parent":0,"menu_order":0,"comment_status":"closed","ping_status":"closed","template":"","meta":{"jetpack_post_was_ever_published":false,"footnotes":""},"class_list":["post-1164","page","type-page","status-publish","hentry"],"jetpack_sharing_enabled":true,"jetpack_shortlink":"https:\/\/wp.me\/PaiD6O-iM","_links":{"self":[{"href":"https:\/\/osnabrueck.wordcamp.org\/2019\/wp-json\/wp\/v2\/pages\/1164","targetHints":{"allow":["GET"]}}],"collection":[{"href":"https:\/\/osnabrueck.wordcamp.org\/2019\/wp-json\/wp\/v2\/pages"}],"about":[{"href":"https:\/\/osnabrueck.wordcamp.org\/2019\/wp-json\/wp\/v2\/types\/page"}],"author":[{"embeddable":true,"href":"https:\/\/osnabrueck.wordcamp.org\/2019\/wp-json\/wp\/v2\/users\/13328835"}],"replies":[{"embeddable":true,"href":"https:\/\/osnabrueck.wordcamp.org\/2019\/wp-json\/wp\/v2\/comments?post=1164"}],"version-history":[{"count":189,"href":"https:\/\/osnabrueck.wordcamp.org\/2019\/wp-json\/wp\/v2\/pages\/1164\/revisions"}],"predecessor-version":[{"id":3730,"href":"https:\/\/osnabrueck.wordcamp.org\/2019\/wp-json\/wp\/v2\/pages\/1164\/revisions\/3730"}],"wp:attachment":[{"href":"https:\/\/osnabrueck.wordcamp.org\/2019\/wp-json\/wp\/v2\/media?parent=1164"}],"curies":[{"name":"wp","href":"https:\/\/api.w.org\/{rel}","templated":true}]}}